{"id":9523,"date":"2024-06-19T18:06:21","date_gmt":"2024-06-19T16:06:21","guid":{"rendered":"https:\/\/aptent.es\/?page_id=9523"},"modified":"2024-06-20T12:22:24","modified_gmt":"2024-06-20T10:22:24","slug":"teatro-accesible","status":"publish","type":"page","link":"https:\/\/aptent.es\/gl\/teatro-accesible\/","title":{"rendered":"teatro accesible"},"content":{"rendered":"<p>[et_pb_section fb_built=&#8221;1&#8243; _builder_version=&#8221;4.25.0&#8243; _module_preset=&#8221;default&#8221; background_image=&#8221;https:\/\/aptent.es\/wp-content\/uploads\/2024\/05\/Vector-1.png&#8221; background_size=&#8221;initial&#8221; background_position=&#8221;top_left&#8221; background_horizontal_offset=&#8221;100%&#8221; background_vertical_offset=&#8221;1%&#8221; hover_enabled=&#8221;0&#8243; global_colors_info=&#8221;{}&#8221; background_last_edited=&#8221;on|phone&#8221; background_enable_image_phone=&#8221;off&#8221; title_text=&#8221;patron novedades&#8221; background_horizontal_offset_phone=&#8221;-17%&#8221; sticky_enabled=&#8221;0&#8243;][et_pb_row column_structure=&#8221;2_5,3_5&#8243; _builder_version=&#8221;4.25.0&#8243; _module_preset=&#8221;default&#8221; global_colors_info=&#8221;{}&#8221;][et_pb_column type=&#8221;2_5&#8243; _builder_version=&#8221;4.25.0&#8243; _module_preset=&#8221;default&#8221; global_colors_info=&#8221;{}&#8221;][et_pb_text _builder_version=&#8221;4.25.0&#8243; _module_preset=&#8221;default&#8221; text_text_color=&#8221;#006073&#8243; text_font_size=&#8221;40px&#8221; text_line_height=&#8221;1.1em&#8221; background_color=&#8221;#a3e54b&#8221; width=&#8221;41%&#8221; width_tablet=&#8221;&#8221; width_phone=&#8221;100%&#8221; width_last_edited=&#8221;on|phone&#8221; custom_padding=&#8221;20px|20px|20px|20px|true|true&#8221; custom_padding_tablet=&#8221;40px|20px|40px|20px|true|true&#8221; custom_padding_phone=&#8221;15px|9px|15px|9px|true|false&#8221; custom_padding_last_edited=&#8221;on|phone&#8221; hover_enabled=&#8221;0&#8243; text_font_size_tablet=&#8221;50px&#8221; text_font_size_phone=&#8221;27px&#8221; text_font_size_last_edited=&#8221;on|phone&#8221; custom_css_main_element=&#8221;width:fit-content !important&#8221; global_colors_info=&#8221;{}&#8221; sticky_enabled=&#8221;0&#8243;]<\/p>\n<p>Teatro Accesible<\/p>\n<p>[\/et_pb_text][\/et_pb_column][et_pb_column type=&#8221;3_5&#8243; _builder_version=&#8221;4.25.0&#8243; _module_preset=&#8221;default&#8221; global_colors_info=&#8221;{}&#8221;][et_pb_image src=&#8221;https:\/\/aptent.es\/wp-content\/uploads\/2024\/06\/logo_nav_ta.jpg&#8221; title_text=&#8221;logo_nav_ta&#8221; _builder_version=&#8221;4.25.0&#8243; _module_preset=&#8221;default&#8221; width=&#8221;89%&#8221; custom_margin=&#8221;10px||||false|false&#8221; global_colors_info=&#8221;{}&#8221;][\/et_pb_image][\/et_pb_column][\/et_pb_row][et_pb_row column_structure=&#8221;3_5,2_5&#8243; _builder_version=&#8221;4.25.0&#8243; _module_preset=&#8221;default&#8221; custom_padding=&#8221;||0px||false|false&#8221; global_colors_info=&#8221;{}&#8221;][et_pb_column type=&#8221;3_5&#8243; _builder_version=&#8221;4.25.0&#8243; _module_preset=&#8221;default&#8221; global_colors_info=&#8221;{}&#8221;][et_pb_text _builder_version=&#8221;4.25.0&#8243; _module_preset=&#8221;default&#8221; text_text_color=&#8221;#000000&#8243; text_font_size=&#8221;16px&#8221; text_line_height=&#8221;1.8em&#8221; text_orientation=&#8221;justified&#8221; hover_enabled=&#8221;0&#8243; global_colors_info=&#8221;{}&#8221; sticky_enabled=&#8221;0&#8243;]<\/p>\n<p><a href=\"http:\/\/www.teatroaccesible.com\"><span style=\"font-weight: 400;\">Teatro Accesible <\/span><\/a><span style=\"font-weight: 400;\">es un proyecto dedicado a incorporar medidas de accesibilidad en el teatro en Espa\u00f1a. Nace en 2011 con el apoyo de la Fundaci\u00f3n Vodafone, el Centro de Rehabilitaci\u00f3n Laboral Nueva Vida y la empresa de tecnolog\u00eda y accesibilidad, Aptent.\u00a0<\/span><\/p>\n<p><span style=\"font-weight: 400;\">Su quehacer se centra principalmente en la adaptaci\u00f3n de obras de teatro incorporando subtitulado, audiodescripci\u00f3n y lengua de signos. Provee equipamiento a centros culturales con sistemas FM para ayuda auditiva y organiza experiencias inclusivas como visitas t\u00e1ctiles y coloquios accesibles.<\/span><\/p>\n<p><span style=\"font-weight: 400;\">En 13 temporadas el Proyecto Teatro Accesible ha beneficiado a m\u00e1s de 18.000 personas mayores y personas con discapacidad sensorial y ha estado presente en m\u00e1s de 200 espacios esc\u00e9nicos.\u00a0<\/span><\/p>\n<p><span style=\"font-weight: 400;\">Cuenta con un vasto cat\u00e1logo con cientos de obras adaptadas con subtitulado y audiodescripci\u00f3n:<\/span><\/p>\n<p>[\/et_pb_text][\/et_pb_column][et_pb_column type=&#8221;2_5&#8243; _builder_version=&#8221;4.25.0&#8243; _module_preset=&#8221;default&#8221; global_colors_info=&#8221;{}&#8221;][et_pb_code _builder_version=&#8221;4.25.0&#8243; _module_preset=&#8221;default&#8221; custom_margin=&#8221;-50px|||100px|false|false&#8221; custom_margin_tablet=&#8221;0px|||0px|false|false&#8221; custom_margin_phone=&#8221;0px|0px||0px|false|false&#8221; custom_margin_last_edited=&#8221;on|desktop&#8221; custom_padding=&#8221;0px||0px||false|false&#8221; hover_enabled=&#8221;0&#8243; global_colors_info=&#8221;{}&#8221; sticky_enabled=&#8221;0&#8243;]<video width=\"100%;\" height=\"500px\" autoplay loop muted playsinline><!-- [et_pb_line_break_holder] --><source src=\"https:\/\/aptent.es\/wp-content\/uploads\/2024\/06\/IMG_5264.mov\" type=\"video\/mp4\"><!-- [et_pb_line_break_holder] --><\/video>[\/et_pb_code][\/et_pb_column][\/et_pb_row][et_pb_row column_structure=&#8221;1_4,1_4,1_4,1_4&#8243; make_equal=&#8221;on&#8221; _builder_version=&#8221;4.25.0&#8243; _module_preset=&#8221;default&#8221; global_colors_info=&#8221;{}&#8221;][et_pb_column type=&#8221;1_4&#8243; _builder_version=&#8221;4.25.0&#8243; _module_preset=&#8221;default&#8221; global_colors_info=&#8221;{}&#8221;][et_pb_image src=&#8221;https:\/\/aptent.es\/wp-content\/uploads\/2024\/06\/bernarda-1.png&#8221; title_text=&#8221;bernarda&#8221; _builder_version=&#8221;4.25.0&#8243; _module_preset=&#8221;default&#8221; global_colors_info=&#8221;{}&#8221;][\/et_pb_image][\/et_pb_column][et_pb_column type=&#8221;1_4&#8243; _builder_version=&#8221;4.25.0&#8243; _module_preset=&#8221;default&#8221; global_colors_info=&#8221;{}&#8221;][et_pb_image src=&#8221;https:\/\/aptent.es\/wp-content\/uploads\/2024\/06\/ahora-si.png&#8221; title_text=&#8221;ahora si&#8221; _builder_version=&#8221;4.25.0&#8243; _module_preset=&#8221;default&#8221; global_colors_info=&#8221;{}&#8221;][\/et_pb_image][\/et_pb_column][et_pb_column type=&#8221;1_4&#8243; _builder_version=&#8221;4.25.0&#8243; _module_preset=&#8221;default&#8221; global_colors_info=&#8221;{}&#8221;][et_pb_image src=&#8221;https:\/\/aptent.es\/wp-content\/uploads\/2024\/06\/EL_TRAJE_fotoSergioParra_01-scaled-1.png&#8221; title_text=&#8221;EL_TRAJE_fotoSergioParra_01-scaled-1&#8243; _builder_version=&#8221;4.25.0&#8243; _module_preset=&#8221;default&#8221; global_colors_info=&#8221;{}&#8221;][\/et_pb_image][\/et_pb_column][et_pb_column type=&#8221;1_4&#8243; _builder_version=&#8221;4.25.0&#8243; _module_preset=&#8221;default&#8221; global_colors_info=&#8221;{}&#8221;][et_pb_image src=&#8221;https:\/\/aptent.es\/wp-content\/uploads\/2024\/06\/EL_TRAJE_fotoSergioParra_01-scaled-1.jpg&#8221; title_text=&#8221;EL_TRAJE_fotoSergioParra_01-scaled-1&#8243; _builder_version=&#8221;4.25.0&#8243; _module_preset=&#8221;default&#8221; global_colors_info=&#8221;{}&#8221;][\/et_pb_image][\/et_pb_column][\/et_pb_row][\/et_pb_section][et_pb_section fb_built=&#8221;1&#8243; _builder_version=&#8221;4.24.3&#8243; _module_preset=&#8221;default&#8221; background_color=&#8221;#56554d&#8221; background_image=&#8221;https:\/\/aptent.es\/wp-content\/uploads\/2024\/04\/Vector-1.png&#8221; saved_tabs=&#8221;all&#8221; global_colors_info=&#8221;{}&#8221;][et_pb_row column_structure=&#8221;1_3,1_3,1_3&#8243; _builder_version=&#8221;4.24.3&#8243; _module_preset=&#8221;default&#8221; width=&#8221;90%&#8221; max_width=&#8221;1380px&#8221; global_colors_info=&#8221;{}&#8221;][et_pb_column type=&#8221;1_3&#8243; _builder_version=&#8221;4.24.3&#8243; _module_preset=&#8221;default&#8221; global_colors_info=&#8221;{}&#8221;][et_pb_image src=&#8221;https:\/\/aptent.es\/wp-content\/uploads\/2024\/04\/Capa_1-2.png&#8221; alt=&#8221;LOGO APTENT BLANCO&#8221; title_text=&#8221;LOGO APTENT BLANCO&#8221; _builder_version=&#8221;4.24.3&#8243; _module_preset=&#8221;default&#8221; width=&#8221;80%&#8221; custom_margin=&#8221;30px||||false|false&#8221; global_colors_info=&#8221;{}&#8221;][\/et_pb_image][\/et_pb_column][et_pb_column type=&#8221;1_3&#8243; _builder_version=&#8221;4.24.3&#8243; _module_preset=&#8221;default&#8221; global_colors_info=&#8221;{}&#8221;][et_pb_text _builder_version=&#8221;4.24.3&#8243; _module_preset=&#8221;default&#8221; text_text_color=&#8221;#FFFFFF&#8221; text_font_size=&#8221;22px&#8221; global_colors_info=&#8221;{}&#8221;]<\/p>\n<p>Contacto<\/p>\n<p>[\/et_pb_text][dsm_icon_list _builder_version=&#8221;4.24.3&#8243; _module_preset=&#8221;default&#8221; custom_margin=&#8221;||||false|false&#8221; global_colors_info=&#8221;{}&#8221;][dsm_icon_list_child text=&#8221;contacto@aptent.es&#8221; use_icon=&#8221;off&#8221; image=&#8221;https:\/\/aptent.es\/wp-content\/uploads\/2024\/04\/mail-svgrepo-com1-5.png&#8221; alt=&#8221;icono mail&#8221; use_tooltip=&#8221;on&#8221; image_max_width=&#8221;35px&#8221; _builder_version=&#8221;4.24.3&#8243; _module_preset=&#8221;default&#8221; text_text_color=&#8221;#FFFFFF&#8221; text_font_size=&#8221;20px&#8221; global_colors_info=&#8221;{}&#8221;][\/dsm_icon_list_child][dsm_icon_list_child text=&#8221;+34 916 244 065&#8243; use_icon=&#8221;off&#8221; image=&#8221;https:\/\/aptent.es\/wp-content\/uploads\/2024\/04\/phone-svgrepo-com-1.png&#8221; alt=&#8221;icono tel\u00e9fono&#8221; use_tooltip=&#8221;on&#8221; image_max_width=&#8221;35px&#8221; _builder_version=&#8221;4.24.3&#8243; _module_preset=&#8221;default&#8221; text_text_color=&#8221;#FFFFFF&#8221; text_font_size=&#8221;20px&#8221; custom_margin=&#8221;10px||||false|false&#8221; global_colors_info=&#8221;{}&#8221;][\/dsm_icon_list_child][\/dsm_icon_list][\/et_pb_column][et_pb_column type=&#8221;1_3&#8243; _builder_version=&#8221;4.24.3&#8243; _module_preset=&#8221;default&#8221; global_colors_info=&#8221;{}&#8221;][et_pb_text _builder_version=&#8221;4.24.3&#8243; _module_preset=&#8221;default&#8221; text_text_color=&#8221;#FFFFFF&#8221; text_font_size=&#8221;22px&#8221; global_colors_info=&#8221;{}&#8221;]<\/p>\n<p>Redes sociales<\/p>\n<p>[\/et_pb_text][dsm_icon_list _builder_version=&#8221;4.24.3&#8243; _module_preset=&#8221;default&#8221; global_colors_info=&#8221;{}&#8221;][dsm_icon_list_child text=&#8221;Linkedin&#8221; font_icon=&#8221;&#xe09d;||divi||400&#8243; icon_color=&#8221;#FFFFFF&#8221; icon_background_color=&#8221;RGBA(255,255,255,0)&#8221; icon_padding=&#8221;5px&#8221; icon_font_size=&#8221;18px&#8221; _builder_version=&#8221;4.24.3&#8243; _module_preset=&#8221;default&#8221; text_font=&#8221;ample light||||on||||&#8221; text_text_color=&#8221;#FFFFFF&#8221; text_font_size=&#8221;16px&#8221; global_colors_info=&#8221;{}&#8221;][\/dsm_icon_list_child][dsm_icon_list_child text=&#8221;Instagram&#8221; font_icon=&#8221;&#xe09a;||divi||400&#8243; icon_color=&#8221;#FFFFFF&#8221; icon_background_color=&#8221;RGBA(255,255,255,0)&#8221; icon_padding=&#8221;5px&#8221; icon_font_size=&#8221;18px&#8221; _builder_version=&#8221;4.24.3&#8243; _module_preset=&#8221;default&#8221; text_font=&#8221;ample light||||on||||&#8221; text_text_color=&#8221;#FFFFFF&#8221; text_font_size=&#8221;16px&#8221; global_colors_info=&#8221;{}&#8221;][\/dsm_icon_list_child][dsm_icon_list_child text=&#8221;Twitter&#8221; font_icon=&#8221;&#xe094;||divi||400&#8243; icon_color=&#8221;#FFFFFF&#8221; icon_background_color=&#8221;RGBA(255,255,255,0)&#8221; icon_padding=&#8221;5px&#8221; icon_font_size=&#8221;18px&#8221; _builder_version=&#8221;4.24.3&#8243; _module_preset=&#8221;default&#8221; text_font=&#8221;ample light||||on||||&#8221; text_text_color=&#8221;#FFFFFF&#8221; text_font_size=&#8221;16px&#8221; global_colors_info=&#8221;{}&#8221;][\/dsm_icon_list_child][dsm_icon_list_child text=&#8221;YouTube&#8221; font_icon=&#8221;&#xf167;||fa||400&#8243; icon_color=&#8221;#FFFFFF&#8221; icon_background_color=&#8221;RGBA(255,255,255,0)&#8221; icon_padding=&#8221;5px&#8221; icon_font_size=&#8221;18px&#8221; _builder_version=&#8221;4.24.3&#8243; _module_preset=&#8221;default&#8221; text_font=&#8221;ample light||||on||||&#8221; text_text_color=&#8221;#FFFFFF&#8221; text_font_size=&#8221;16px&#8221; global_colors_info=&#8221;{}&#8221;][\/dsm_icon_list_child][\/dsm_icon_list][\/et_pb_column][\/et_pb_row][et_pb_row _builder_version=&#8221;4.24.3&#8243; _module_preset=&#8221;default&#8221; global_colors_info=&#8221;{}&#8221;][et_pb_column type=&#8221;4_4&#8243; _builder_version=&#8221;4.24.3&#8243; _module_preset=&#8221;default&#8221; global_colors_info=&#8221;{}&#8221;][et_pb_image src=&#8221;https:\/\/aptent.es\/wp-content\/uploads\/2024\/04\/visuals.png&#8221; alt=&#8221;logos kit digital&#8221; title_text=&#8221;logos kit digital&#8221; _builder_version=&#8221;4.24.3&#8243; _module_preset=&#8221;default&#8221; global_colors_info=&#8221;{}&#8221;][\/et_pb_image][et_pb_text _builder_version=&#8221;4.24.3&#8243; _module_preset=&#8221;default&#8221; text_text_color=&#8221;#FFFFFF&#8221; text_orientation=&#8221;center&#8221; global_colors_info=&#8221;{}&#8221;]<\/p>\n<p>Mapa web |\u00a0Accesibilidad web \u00a9 2024 Aptent |\u00a0Trabaja con nosotros\u00a0|\u00a0Aviso Legal\u00a0|\u00a0Politica de cookies<\/p>\n<p>[\/et_pb_text][\/et_pb_column][\/et_pb_row][\/et_pb_section]<\/p>\n","protected":false},"excerpt":{"rendered":"<p>Teatro AccesibleTeatro Accesible es un proyecto dedicado a incorporar medidas de accesibilidad en el teatro en Espa\u00f1a. Nace en 2011 con el apoyo de la Fundaci\u00f3n Vodafone, el Centro de Rehabilitaci\u00f3n Laboral Nueva Vida y la empresa de tecnolog\u00eda y accesibilidad, Aptent.\u00a0 Su quehacer se centra principalmente en la adaptaci\u00f3n de obras de teatro incorporando [&hellip;]<\/p>\n","protected":false},"author":1,"featured_media":0,"parent":0,"menu_order":0,"comment_status":"closed","ping_status":"closed","template":"","meta":{"_et_pb_use_builder":"on","_et_pb_old_content":"","_et_gb_content_width":"","footnotes":""},"class_list":["post-9523","page","type-page","status-publish","hentry"],"yoast_head":"<!-- This site is optimized with the Yoast SEO plugin v27.4 - https:\/\/yoast.com\/product\/yoast-seo-wordpress\/ -->\n<title>teatro accesible - Aptent Soluciones. Subtitulado y audiodescripci\u00f3n.<\/title>\n<meta name=\"robots\" content=\"index, follow, max-snippet:-1, max-image-preview:large, max-video-preview:-1\" \/>\n<link rel=\"canonical\" href=\"https:\/\/aptent.es\/teatro-accesible\/\" \/>\n<meta property=\"og:locale\" content=\"gl_ES\" \/>\n<meta property=\"og:type\" content=\"article\" \/>\n<meta property=\"og:title\" content=\"teatro accesible - Aptent Soluciones. Subtitulado y audiodescripci\u00f3n.\" \/>\n<meta property=\"og:description\" content=\"Teatro AccesibleTeatro Accesible es un proyecto dedicado a incorporar medidas de accesibilidad en el teatro en Espa\u00f1a. Nace en 2011 con el apoyo de la Fundaci\u00f3n Vodafone, el Centro de Rehabilitaci\u00f3n Laboral Nueva Vida y la empresa de tecnolog\u00eda y accesibilidad, Aptent.\u00a0 Su quehacer se centra principalmente en la adaptaci\u00f3n de obras de teatro incorporando [&hellip;]\" \/>\n<meta property=\"og:url\" content=\"https:\/\/aptent.es\/teatro-accesible\/\" \/>\n<meta property=\"og:site_name\" content=\"Aptent Soluciones. Subtitulado y audiodescripci\u00f3n.\" \/>\n<meta property=\"article:modified_time\" content=\"2024-06-20T10:22:24+00:00\" \/>\n<meta name=\"twitter:card\" content=\"summary_large_image\" \/>\n<meta name=\"twitter:label1\" content=\"Tempo de lectura\" \/>\n\t<meta name=\"twitter:data1\" content=\"7 minutos\" \/>\n<script type=\"application\/ld+json\" class=\"yoast-schema-graph\">{\"@context\":\"https:\\\/\\\/schema.org\",\"@graph\":[{\"@type\":\"WebPage\",\"@id\":\"https:\\\/\\\/aptent.es\\\/teatro-accesible\\\/\",\"url\":\"https:\\\/\\\/aptent.es\\\/teatro-accesible\\\/\",\"name\":\"teatro accesible - Aptent Soluciones. Subtitulado y audiodescripci\u00f3n.\",\"isPartOf\":{\"@id\":\"https:\\\/\\\/aptent.es\\\/#website\"},\"datePublished\":\"2024-06-19T16:06:21+00:00\",\"dateModified\":\"2024-06-20T10:22:24+00:00\",\"breadcrumb\":{\"@id\":\"https:\\\/\\\/aptent.es\\\/teatro-accesible\\\/#breadcrumb\"},\"inLanguage\":\"gl-ES\",\"potentialAction\":[{\"@type\":\"ReadAction\",\"target\":[\"https:\\\/\\\/aptent.es\\\/teatro-accesible\\\/\"]}]},{\"@type\":\"BreadcrumbList\",\"@id\":\"https:\\\/\\\/aptent.es\\\/teatro-accesible\\\/#breadcrumb\",\"itemListElement\":[{\"@type\":\"ListItem\",\"position\":1,\"name\":\"Portada\",\"item\":\"https:\\\/\\\/aptent.es\\\/gl\\\/\"},{\"@type\":\"ListItem\",\"position\":2,\"name\":\"teatro accesible\"}]},{\"@type\":\"WebSite\",\"@id\":\"https:\\\/\\\/aptent.es\\\/#website\",\"url\":\"https:\\\/\\\/aptent.es\\\/\",\"name\":\"Aptent Soluciones. Subtitulado y audiodescripci\u00f3n.\",\"description\":\"Empresa de tecnolog\u00eda y accesibilidad en la comunicaci\u00f3n. Subtitulado para sordos en directo, traducci\u00f3n, audiodescripci\u00f3n, sistema FM y bucle magn\u00e9tico.\",\"potentialAction\":[{\"@type\":\"SearchAction\",\"target\":{\"@type\":\"EntryPoint\",\"urlTemplate\":\"https:\\\/\\\/aptent.es\\\/?s={search_term_string}\"},\"query-input\":{\"@type\":\"PropertyValueSpecification\",\"valueRequired\":true,\"valueName\":\"search_term_string\"}}],\"inLanguage\":\"gl-ES\"}]}<\/script>\n<!-- \/ Yoast SEO plugin. -->","yoast_head_json":{"title":"teatro accesible - Aptent Soluciones. Subtitulado y audiodescripci\u00f3n.","robots":{"index":"index","follow":"follow","max-snippet":"max-snippet:-1","max-image-preview":"max-image-preview:large","max-video-preview":"max-video-preview:-1"},"canonical":"https:\/\/aptent.es\/teatro-accesible\/","og_locale":"gl_ES","og_type":"article","og_title":"teatro accesible - Aptent Soluciones. Subtitulado y audiodescripci\u00f3n.","og_description":"Teatro AccesibleTeatro Accesible es un proyecto dedicado a incorporar medidas de accesibilidad en el teatro en Espa\u00f1a. Nace en 2011 con el apoyo de la Fundaci\u00f3n Vodafone, el Centro de Rehabilitaci\u00f3n Laboral Nueva Vida y la empresa de tecnolog\u00eda y accesibilidad, Aptent.\u00a0 Su quehacer se centra principalmente en la adaptaci\u00f3n de obras de teatro incorporando [&hellip;]","og_url":"https:\/\/aptent.es\/teatro-accesible\/","og_site_name":"Aptent Soluciones. Subtitulado y audiodescripci\u00f3n.","article_modified_time":"2024-06-20T10:22:24+00:00","twitter_card":"summary_large_image","twitter_misc":{"Tempo de lectura":"7 minutos"},"schema":{"@context":"https:\/\/schema.org","@graph":[{"@type":"WebPage","@id":"https:\/\/aptent.es\/teatro-accesible\/","url":"https:\/\/aptent.es\/teatro-accesible\/","name":"teatro accesible - Aptent Soluciones. Subtitulado y audiodescripci\u00f3n.","isPartOf":{"@id":"https:\/\/aptent.es\/#website"},"datePublished":"2024-06-19T16:06:21+00:00","dateModified":"2024-06-20T10:22:24+00:00","breadcrumb":{"@id":"https:\/\/aptent.es\/teatro-accesible\/#breadcrumb"},"inLanguage":"gl-ES","potentialAction":[{"@type":"ReadAction","target":["https:\/\/aptent.es\/teatro-accesible\/"]}]},{"@type":"BreadcrumbList","@id":"https:\/\/aptent.es\/teatro-accesible\/#breadcrumb","itemListElement":[{"@type":"ListItem","position":1,"name":"Portada","item":"https:\/\/aptent.es\/gl\/"},{"@type":"ListItem","position":2,"name":"teatro accesible"}]},{"@type":"WebSite","@id":"https:\/\/aptent.es\/#website","url":"https:\/\/aptent.es\/","name":"Aptent Soluciones. Subtitulado y audiodescripci\u00f3n.","description":"Empresa de tecnolog\u00eda y accesibilidad en la comunicaci\u00f3n. Subtitulado para sordos en directo, traducci\u00f3n, audiodescripci\u00f3n, sistema FM y bucle magn\u00e9tico.","potentialAction":[{"@type":"SearchAction","target":{"@type":"EntryPoint","urlTemplate":"https:\/\/aptent.es\/?s={search_term_string}"},"query-input":{"@type":"PropertyValueSpecification","valueRequired":true,"valueName":"search_term_string"}}],"inLanguage":"gl-ES"}]}},"_links":{"self":[{"href":"https:\/\/aptent.es\/gl\/wp-json\/wp\/v2\/pages\/9523","targetHints":{"allow":["GET"]}}],"collection":[{"href":"https:\/\/aptent.es\/gl\/wp-json\/wp\/v2\/pages"}],"about":[{"href":"https:\/\/aptent.es\/gl\/wp-json\/wp\/v2\/types\/page"}],"author":[{"embeddable":true,"href":"https:\/\/aptent.es\/gl\/wp-json\/wp\/v2\/users\/1"}],"replies":[{"embeddable":true,"href":"https:\/\/aptent.es\/gl\/wp-json\/wp\/v2\/comments?post=9523"}],"version-history":[{"count":11,"href":"https:\/\/aptent.es\/gl\/wp-json\/wp\/v2\/pages\/9523\/revisions"}],"predecessor-version":[{"id":9560,"href":"https:\/\/aptent.es\/gl\/wp-json\/wp\/v2\/pages\/9523\/revisions\/9560"}],"wp:attachment":[{"href":"https:\/\/aptent.es\/gl\/wp-json\/wp\/v2\/media?parent=9523"}],"curies":[{"name":"wp","href":"https:\/\/api.w.org\/{rel}","templated":true}]}}