{"id":9681,"date":"2024-06-24T16:46:46","date_gmt":"2024-06-24T14:46:46","guid":{"rendered":"https:\/\/aptent.es\/?page_id=9681"},"modified":"2024-06-24T16:48:23","modified_gmt":"2024-06-24T14:48:23","slug":"accesibilidad-web","status":"publish","type":"page","link":"https:\/\/aptent.es\/eu\/accesibilidad-web\/","title":{"rendered":"Accesibilidad web"},"content":{"rendered":"<p>[et_pb_section fb_built=&#8221;1&#8243; custom_padding_last_edited=&#8221;on|phone&#8221; admin_label=&#8221;How it Works&#8221; _builder_version=&#8221;4.25.0&#8243; _module_preset=&#8221;default&#8221; background_color=&#8221;#006073&#8243; background_image=&#8221;https:\/\/aptent.es\/wp-content\/uploads\/2024\/04\/Vector-1.png&#8221; background_size=&#8221;initial&#8221; min_height_tablet=&#8221;150px&#8221; min_height_phone=&#8221;&#8221; min_height_last_edited=&#8221;on|desktop&#8221; custom_margin=&#8221;-13px|||||&#8221; custom_padding=&#8221;6px||81px||false|false&#8221; custom_padding_tablet=&#8221;0px||0px||false|false&#8221; custom_padding_phone=&#8221;20px||40px||false|false&#8221; hover_enabled=&#8221;0&#8243; background_color_phone=&#8221;#006073&#8243; background_last_edited=&#8221;on|phone&#8221; background_enable_color_phone=&#8221;on&#8221; use_background_color_gradient_phone=&#8221;off&#8221; background_color_gradient_overlays_image_phone=&#8221;on&#8221; background_image_tablet=&#8221;https:\/\/aptent.es\/wp-content\/uploads\/2024\/04\/Vector-1.png&#8221; background_image_phone=&#8221;https:\/\/aptent.es\/wp-content\/uploads\/2024\/04\/Vector-1.png&#8221; background_enable_image_tablet=&#8221;on&#8221; background_enable_image_phone=&#8221;on&#8221; parallax_phone=&#8221;off&#8221; background_position_tablet=&#8221;top_left&#8221; background_position_phone=&#8221;top_left&#8221; global_colors_info=&#8221;{}&#8221; sticky_enabled=&#8221;0&#8243;][et_pb_row _builder_version=&#8221;4.25.0&#8243; _module_preset=&#8221;default&#8221; width=&#8221;90%&#8221; max_width=&#8221;none&#8221; module_alignment=&#8221;center&#8221; custom_margin=&#8221;61px|auto||auto|false|false&#8221; custom_margin_tablet=&#8221;||||false|false&#8221; custom_margin_phone=&#8221;0px||||false|false&#8221; custom_margin_last_edited=&#8221;on|desktop&#8221; custom_padding=&#8221;||0px||false|false&#8221; global_colors_info=&#8221;{}&#8221;][et_pb_column type=&#8221;4_4&#8243; _builder_version=&#8221;4.25.0&#8243; _module_preset=&#8221;default&#8221; global_colors_info=&#8221;{}&#8221;][et_pb_text module_class=&#8221;encabezadoservicioslanding&#8221; _builder_version=&#8221;4.25.0&#8243; _module_preset=&#8221;default&#8221; text_font=&#8221;ample bold||||||||&#8221; text_text_color=&#8221;#FFFFFF&#8221; text_font_size=&#8221;50px&#8221; text_line_height=&#8221;1.3em&#8221; text_orientation=&#8221;center&#8221; width=&#8221;100%&#8221; custom_margin=&#8221;||||false|false&#8221; custom_margin_tablet=&#8221;||||false|false&#8221; custom_margin_phone=&#8221;50px||||false|false&#8221; custom_margin_last_edited=&#8221;on|desktop&#8221; custom_padding=&#8221;|||30px|false|false&#8221; custom_padding_tablet=&#8221;|||0px|false|false&#8221; custom_padding_phone=&#8221;|||0px|false|false&#8221; custom_padding_last_edited=&#8221;on|desktop&#8221; text_font_size_tablet=&#8221;67px&#8221; text_font_size_phone=&#8221;45px&#8221; text_font_size_last_edited=&#8221;on|phone&#8221; text_line_height_tablet=&#8221;&#8221; text_line_height_phone=&#8221;1em&#8221; text_line_height_last_edited=&#8221;on|phone&#8221; text_orientation_tablet=&#8221;&#8221; text_orientation_phone=&#8221;&#8221; text_orientation_last_edited=&#8221;on|desktop&#8221; global_colors_info=&#8221;{}&#8221;]<\/p>\n<p><b>Accesibilidad web<\/b><\/p>\n<p>[\/et_pb_text][\/et_pb_column][\/et_pb_row][\/et_pb_section][et_pb_section fb_built=&#8221;1&#8243; _builder_version=&#8221;4.25.0&#8243; _module_preset=&#8221;default&#8221; global_colors_info=&#8221;{}&#8221;][et_pb_row _builder_version=&#8221;4.25.0&#8243; _module_preset=&#8221;default&#8221; global_colors_info=&#8221;{}&#8221;][et_pb_column type=&#8221;4_4&#8243; _builder_version=&#8221;4.25.0&#8243; _module_preset=&#8221;default&#8221; global_colors_info=&#8221;{}&#8221;][et_pb_text _builder_version=&#8221;4.25.0&#8243; _module_preset=&#8221;default&#8221; text_text_color=&#8221;#000000&#8243; text_font_size=&#8221;16px&#8221; global_colors_info=&#8221;{}&#8221;]<span style=\"color: #7eb928;\"><strong>Aptent Soluciones S.L.<\/strong>\u00a0<\/span>quiere facilitar el acceso a los contenidos de su Web a todas las personas, independientemente de tener discapacidad, edad, tipo de tecnolog\u00eda de acceso,\u00a0<abbr title=\"etc\u00e9tera\">etc<\/abbr>.\u00a0Por ello ha sido creada cumpliendo los Principios del Dise\u00f1o Accesible seg\u00fan las Pautas de Accesibilidad al Contenido en la Web (<acronym title=\"Web Content Accessibility Guidelines\" lang=\"en\">WCAG<\/acronym>\u00a02.0)<\/p>\n<p>&nbsp;<\/p>\n<p>Se han definido atajos de teclado para acceder a los enlaces principales del sitio Web. Las opciones a las que puede acceder mediante combinaciones de<span>\u00a0<\/span><span><a href=\"http:\/\/es.wikipedia.org\/wiki\/Tecla_de_acceso\">teclas de acceso r\u00e1pido<\/a><\/span><span>\u00a0<\/span>son:<\/p>\n<ul>\n<li><strong>I:<\/strong>\u00a0Inicio<\/li>\n<li><strong>M:<\/strong>\u00a0Mapa web<\/li>\n<li><strong>A:<\/strong>\u00a0Accesibilidad<\/li>\n<li><strong>N:<\/strong>\u00a0Nosotros<\/li>\n<li><strong>S:<\/strong>\u00a0Servicios<\/li>\n<li><strong>L:<\/strong>\u00a0Clientes<\/li>\n<li><strong>C:<\/strong>\u00a0Contacto<\/li>\n<li><strong>B:<\/strong>\u00a0Blog<\/li>\n<\/ul>\n<div><\/div>\n<div>\n<ul>\n<li>Internet Explorer (ALT + Tecla de acceso r\u00e1pido.): Alt + la tecla de acceso selecciona el enlace, pero se requiere que se presione \u21b5 Enter para poder activar el enlace.<\/li>\n<li>Mozilla Firefox 2 &amp; 3 (ALT + SHIFT + Tecla de acceso r\u00e1pido.): En las versiones anteriores a la 2.0 solo se usaba Alt. Se puede configurar mediante about:config<\/li>\n<li>Google Chrome 3 (ALT + Tecla de acceso r\u00e1pido.): Las teclas de acceso no estaban soportadas en las versiones 2.x de Chrome, pero ahora est\u00e1n soportadas en las versiones actuales.<\/li>\n<li>Opera (SHIFT + ESC + Tecla de acceso r\u00e1pido.): La tecla modificadora debe de ser pulsada antes de la tecla de acceso. Cuando la tecla modificadora se suelta, el navegador muestra al usuario una lista del conjunto de teclas especiales de esa p\u00e1gina para permitir al usuario elegir.<\/li>\n<li>MacOS (CONTROL + Combinaci\u00f3n de acceso r\u00e1pido)<\/li>\n<\/ul>\n<\/div>\n<p>&nbsp;<\/p>\n<p>Para aprender sobre<span>\u00a0<\/span><a href=\"http:\/\/en.wikipedia.org\/wiki\/Access_keys\">teclas de acceso r\u00e1pido<\/a>.[\/et_pb_text][\/et_pb_column][\/et_pb_row][\/et_pb_section][et_pb_section fb_built=&#8221;1&#8243; _builder_version=&#8221;4.25.0&#8243; _module_preset=&#8221;default&#8221; background_color=&#8221;#56554d&#8221; background_image=&#8221;https:\/\/aptent.es\/wp-content\/uploads\/2024\/04\/Vector-1.png&#8221; saved_tabs=&#8221;all&#8221; global_colors_info=&#8221;{}&#8221;][et_pb_row column_structure=&#8221;1_3,1_3,1_3&#8243; _builder_version=&#8221;4.24.3&#8243; _module_preset=&#8221;default&#8221; width=&#8221;90%&#8221; max_width=&#8221;1380px&#8221; global_colors_info=&#8221;{}&#8221;][et_pb_column type=&#8221;1_3&#8243; _builder_version=&#8221;4.24.3&#8243; _module_preset=&#8221;default&#8221; global_colors_info=&#8221;{}&#8221;][et_pb_image src=&#8221;https:\/\/aptent.es\/wp-content\/uploads\/2024\/04\/Capa_1-2.png&#8221; alt=&#8221;LOGO APTENT BLANCO&#8221; title_text=&#8221;LOGO APTENT BLANCO&#8221; _builder_version=&#8221;4.24.3&#8243; _module_preset=&#8221;default&#8221; width=&#8221;80%&#8221; custom_margin=&#8221;30px||||false|false&#8221; global_colors_info=&#8221;{}&#8221;][\/et_pb_image][\/et_pb_column][et_pb_column type=&#8221;1_3&#8243; _builder_version=&#8221;4.24.3&#8243; _module_preset=&#8221;default&#8221; global_colors_info=&#8221;{}&#8221;][et_pb_text _builder_version=&#8221;4.24.3&#8243; _module_preset=&#8221;default&#8221; text_text_color=&#8221;#FFFFFF&#8221; text_font_size=&#8221;22px&#8221; global_colors_info=&#8221;{}&#8221;]<\/p>\n<p>Contacto<\/p>\n<p>[\/et_pb_text][dsm_icon_list _builder_version=&#8221;4.24.3&#8243; _module_preset=&#8221;default&#8221; custom_margin=&#8221;||||false|false&#8221; global_colors_info=&#8221;{}&#8221;][dsm_icon_list_child text=&#8221;contacto@aptent.es&#8221; use_icon=&#8221;off&#8221; image=&#8221;https:\/\/aptent.es\/wp-content\/uploads\/2024\/04\/mail-svgrepo-com1-5.png&#8221; alt=&#8221;icono mail&#8221; use_tooltip=&#8221;on&#8221; image_max_width=&#8221;35px&#8221; _builder_version=&#8221;4.24.3&#8243; _module_preset=&#8221;default&#8221; text_text_color=&#8221;#FFFFFF&#8221; text_font_size=&#8221;20px&#8221; global_colors_info=&#8221;{}&#8221;][\/dsm_icon_list_child][dsm_icon_list_child text=&#8221;+34 916 244 065&#8243; use_icon=&#8221;off&#8221; image=&#8221;https:\/\/aptent.es\/wp-content\/uploads\/2024\/04\/phone-svgrepo-com-1.png&#8221; alt=&#8221;icono tel\u00e9fono&#8221; use_tooltip=&#8221;on&#8221; image_max_width=&#8221;35px&#8221; _builder_version=&#8221;4.24.3&#8243; _module_preset=&#8221;default&#8221; text_text_color=&#8221;#FFFFFF&#8221; text_font_size=&#8221;20px&#8221; custom_margin=&#8221;10px||||false|false&#8221; global_colors_info=&#8221;{}&#8221;][\/dsm_icon_list_child][\/dsm_icon_list][\/et_pb_column][et_pb_column type=&#8221;1_3&#8243; _builder_version=&#8221;4.24.3&#8243; _module_preset=&#8221;default&#8221; global_colors_info=&#8221;{}&#8221;][et_pb_text _builder_version=&#8221;4.24.3&#8243; _module_preset=&#8221;default&#8221; text_text_color=&#8221;#FFFFFF&#8221; text_font_size=&#8221;22px&#8221; global_colors_info=&#8221;{}&#8221;]<\/p>\n<p>Redes sociales<\/p>\n<p>[\/et_pb_text][dsm_icon_list _builder_version=&#8221;4.24.3&#8243; _module_preset=&#8221;default&#8221; global_colors_info=&#8221;{}&#8221;][dsm_icon_list_child text=&#8221;Linkedin&#8221; font_icon=&#8221;&#xe09d;||divi||400&#8243; icon_color=&#8221;#FFFFFF&#8221; icon_background_color=&#8221;RGBA(255,255,255,0)&#8221; icon_padding=&#8221;5px&#8221; icon_font_size=&#8221;18px&#8221; _builder_version=&#8221;4.24.3&#8243; _module_preset=&#8221;default&#8221; text_font=&#8221;ample light||||on||||&#8221; text_text_color=&#8221;#FFFFFF&#8221; text_font_size=&#8221;16px&#8221; global_colors_info=&#8221;{}&#8221;][\/dsm_icon_list_child][dsm_icon_list_child text=&#8221;Instagram&#8221; font_icon=&#8221;&#xe09a;||divi||400&#8243; icon_color=&#8221;#FFFFFF&#8221; icon_background_color=&#8221;RGBA(255,255,255,0)&#8221; icon_padding=&#8221;5px&#8221; icon_font_size=&#8221;18px&#8221; _builder_version=&#8221;4.24.3&#8243; _module_preset=&#8221;default&#8221; text_font=&#8221;ample light||||on||||&#8221; text_text_color=&#8221;#FFFFFF&#8221; text_font_size=&#8221;16px&#8221; global_colors_info=&#8221;{}&#8221;][\/dsm_icon_list_child][dsm_icon_list_child text=&#8221;Twitter&#8221; font_icon=&#8221;&#xe094;||divi||400&#8243; icon_color=&#8221;#FFFFFF&#8221; icon_background_color=&#8221;RGBA(255,255,255,0)&#8221; icon_padding=&#8221;5px&#8221; icon_font_size=&#8221;18px&#8221; _builder_version=&#8221;4.24.3&#8243; _module_preset=&#8221;default&#8221; text_font=&#8221;ample light||||on||||&#8221; text_text_color=&#8221;#FFFFFF&#8221; text_font_size=&#8221;16px&#8221; global_colors_info=&#8221;{}&#8221;][\/dsm_icon_list_child][dsm_icon_list_child text=&#8221;YouTube&#8221; font_icon=&#8221;&#xf167;||fa||400&#8243; icon_color=&#8221;#FFFFFF&#8221; icon_background_color=&#8221;RGBA(255,255,255,0)&#8221; icon_padding=&#8221;5px&#8221; icon_font_size=&#8221;18px&#8221; _builder_version=&#8221;4.24.3&#8243; _module_preset=&#8221;default&#8221; text_font=&#8221;ample light||||on||||&#8221; text_text_color=&#8221;#FFFFFF&#8221; text_font_size=&#8221;16px&#8221; global_colors_info=&#8221;{}&#8221;][\/dsm_icon_list_child][\/dsm_icon_list][\/et_pb_column][\/et_pb_row][et_pb_row _builder_version=&#8221;4.24.3&#8243; _module_preset=&#8221;default&#8221; global_colors_info=&#8221;{}&#8221;][et_pb_column type=&#8221;4_4&#8243; _builder_version=&#8221;4.24.3&#8243; _module_preset=&#8221;default&#8221; global_colors_info=&#8221;{}&#8221;][et_pb_image src=&#8221;https:\/\/aptent.es\/wp-content\/uploads\/2024\/04\/visuals.png&#8221; alt=&#8221;logos kit digital&#8221; title_text=&#8221;logos kit digital&#8221; _builder_version=&#8221;4.24.3&#8243; _module_preset=&#8221;default&#8221; global_colors_info=&#8221;{}&#8221;][\/et_pb_image][et_pb_text _builder_version=&#8221;4.24.3&#8243; _module_preset=&#8221;default&#8221; text_text_color=&#8221;#FFFFFF&#8221; text_orientation=&#8221;center&#8221; global_colors_info=&#8221;{}&#8221;]<\/p>\n<p>Mapa web |\u00a0Accesibilidad web \u00a9 2024 Aptent |\u00a0Trabaja con nosotros\u00a0|\u00a0Aviso Legal\u00a0|\u00a0Politica de cookies<\/p>\n<p>[\/et_pb_text][\/et_pb_column][\/et_pb_row][\/et_pb_section]<\/p>\n","protected":false},"excerpt":{"rendered":"<p>Accesibilidad webAptent Soluciones S.L.\u00a0quiere facilitar el acceso a los contenidos de su Web a todas las personas, independientemente de tener discapacidad, edad, tipo de tecnolog\u00eda de acceso,\u00a0etc.\u00a0Por ello ha sido creada cumpliendo los Principios del Dise\u00f1o Accesible seg\u00fan las Pautas de Accesibilidad al Contenido en la Web (WCAG\u00a02.0) &nbsp; Se han definido atajos de teclado [&hellip;]<\/p>\n","protected":false},"author":1,"featured_media":0,"parent":0,"menu_order":0,"comment_status":"closed","ping_status":"closed","template":"","meta":{"_et_pb_use_builder":"on","_et_pb_old_content":"","_et_gb_content_width":"","footnotes":""},"class_list":["post-9681","page","type-page","status-publish","hentry"],"yoast_head":"<!-- This site is optimized with the Yoast SEO plugin v27.4 - https:\/\/yoast.com\/product\/yoast-seo-wordpress\/ -->\n<title>Accesibilidad web - Aptent Soluciones. Subtitulado y audiodescripci\u00f3n.<\/title>\n<meta name=\"robots\" content=\"index, follow, max-snippet:-1, max-image-preview:large, max-video-preview:-1\" \/>\n<link rel=\"canonical\" href=\"https:\/\/aptent.es\/accesibilidad-web\/\" \/>\n<meta property=\"og:locale\" content=\"eu_ES\" \/>\n<meta property=\"og:type\" content=\"article\" \/>\n<meta property=\"og:title\" content=\"Accesibilidad web - Aptent Soluciones. Subtitulado y audiodescripci\u00f3n.\" \/>\n<meta property=\"og:description\" content=\"Accesibilidad webAptent Soluciones S.L.\u00a0quiere facilitar el acceso a los contenidos de su Web a todas las personas, independientemente de tener discapacidad, edad, tipo de tecnolog\u00eda de acceso,\u00a0etc.\u00a0Por ello ha sido creada cumpliendo los Principios del Dise\u00f1o Accesible seg\u00fan las Pautas de Accesibilidad al Contenido en la Web (WCAG\u00a02.0) &nbsp; Se han definido atajos de teclado [&hellip;]\" \/>\n<meta property=\"og:url\" content=\"https:\/\/aptent.es\/accesibilidad-web\/\" \/>\n<meta property=\"og:site_name\" content=\"Aptent Soluciones. Subtitulado y audiodescripci\u00f3n.\" \/>\n<meta property=\"article:modified_time\" content=\"2024-06-24T14:48:23+00:00\" \/>\n<meta name=\"twitter:card\" content=\"summary_large_image\" \/>\n<meta name=\"twitter:label1\" content=\"Est. reading time\" \/>\n\t<meta name=\"twitter:data1\" content=\"6 minutes\" \/>\n<script type=\"application\/ld+json\" class=\"yoast-schema-graph\">{\"@context\":\"https:\\\/\\\/schema.org\",\"@graph\":[{\"@type\":\"WebPage\",\"@id\":\"https:\\\/\\\/aptent.es\\\/accesibilidad-web\\\/\",\"url\":\"https:\\\/\\\/aptent.es\\\/accesibilidad-web\\\/\",\"name\":\"Accesibilidad web - Aptent Soluciones. Subtitulado y audiodescripci\u00f3n.\",\"isPartOf\":{\"@id\":\"https:\\\/\\\/aptent.es\\\/#website\"},\"datePublished\":\"2024-06-24T14:46:46+00:00\",\"dateModified\":\"2024-06-24T14:48:23+00:00\",\"breadcrumb\":{\"@id\":\"https:\\\/\\\/aptent.es\\\/accesibilidad-web\\\/#breadcrumb\"},\"inLanguage\":\"eu-ES\",\"potentialAction\":[{\"@type\":\"ReadAction\",\"target\":[\"https:\\\/\\\/aptent.es\\\/accesibilidad-web\\\/\"]}]},{\"@type\":\"BreadcrumbList\",\"@id\":\"https:\\\/\\\/aptent.es\\\/accesibilidad-web\\\/#breadcrumb\",\"itemListElement\":[{\"@type\":\"ListItem\",\"position\":1,\"name\":\"Portada\",\"item\":\"https:\\\/\\\/aptent.es\\\/eu\\\/home\\\/\"},{\"@type\":\"ListItem\",\"position\":2,\"name\":\"Accesibilidad web\"}]},{\"@type\":\"WebSite\",\"@id\":\"https:\\\/\\\/aptent.es\\\/#website\",\"url\":\"https:\\\/\\\/aptent.es\\\/\",\"name\":\"Aptent Soluciones. Subtitulado y audiodescripci\u00f3n.\",\"description\":\"Empresa de tecnolog\u00eda y accesibilidad en la comunicaci\u00f3n. Subtitulado para sordos en directo, traducci\u00f3n, audiodescripci\u00f3n, sistema FM y bucle magn\u00e9tico.\",\"potentialAction\":[{\"@type\":\"SearchAction\",\"target\":{\"@type\":\"EntryPoint\",\"urlTemplate\":\"https:\\\/\\\/aptent.es\\\/?s={search_term_string}\"},\"query-input\":{\"@type\":\"PropertyValueSpecification\",\"valueRequired\":true,\"valueName\":\"search_term_string\"}}],\"inLanguage\":\"eu-ES\"}]}<\/script>\n<!-- \/ Yoast SEO plugin. -->","yoast_head_json":{"title":"Accesibilidad web - Aptent Soluciones. Subtitulado y audiodescripci\u00f3n.","robots":{"index":"index","follow":"follow","max-snippet":"max-snippet:-1","max-image-preview":"max-image-preview:large","max-video-preview":"max-video-preview:-1"},"canonical":"https:\/\/aptent.es\/accesibilidad-web\/","og_locale":"eu_ES","og_type":"article","og_title":"Accesibilidad web - Aptent Soluciones. Subtitulado y audiodescripci\u00f3n.","og_description":"Accesibilidad webAptent Soluciones S.L.\u00a0quiere facilitar el acceso a los contenidos de su Web a todas las personas, independientemente de tener discapacidad, edad, tipo de tecnolog\u00eda de acceso,\u00a0etc.\u00a0Por ello ha sido creada cumpliendo los Principios del Dise\u00f1o Accesible seg\u00fan las Pautas de Accesibilidad al Contenido en la Web (WCAG\u00a02.0) &nbsp; Se han definido atajos de teclado [&hellip;]","og_url":"https:\/\/aptent.es\/accesibilidad-web\/","og_site_name":"Aptent Soluciones. Subtitulado y audiodescripci\u00f3n.","article_modified_time":"2024-06-24T14:48:23+00:00","twitter_card":"summary_large_image","twitter_misc":{"Est. reading time":"6 minutes"},"schema":{"@context":"https:\/\/schema.org","@graph":[{"@type":"WebPage","@id":"https:\/\/aptent.es\/accesibilidad-web\/","url":"https:\/\/aptent.es\/accesibilidad-web\/","name":"Accesibilidad web - Aptent Soluciones. Subtitulado y audiodescripci\u00f3n.","isPartOf":{"@id":"https:\/\/aptent.es\/#website"},"datePublished":"2024-06-24T14:46:46+00:00","dateModified":"2024-06-24T14:48:23+00:00","breadcrumb":{"@id":"https:\/\/aptent.es\/accesibilidad-web\/#breadcrumb"},"inLanguage":"eu-ES","potentialAction":[{"@type":"ReadAction","target":["https:\/\/aptent.es\/accesibilidad-web\/"]}]},{"@type":"BreadcrumbList","@id":"https:\/\/aptent.es\/accesibilidad-web\/#breadcrumb","itemListElement":[{"@type":"ListItem","position":1,"name":"Portada","item":"https:\/\/aptent.es\/eu\/home\/"},{"@type":"ListItem","position":2,"name":"Accesibilidad web"}]},{"@type":"WebSite","@id":"https:\/\/aptent.es\/#website","url":"https:\/\/aptent.es\/","name":"Aptent Soluciones. Subtitulado y audiodescripci\u00f3n.","description":"Empresa de tecnolog\u00eda y accesibilidad en la comunicaci\u00f3n. Subtitulado para sordos en directo, traducci\u00f3n, audiodescripci\u00f3n, sistema FM y bucle magn\u00e9tico.","potentialAction":[{"@type":"SearchAction","target":{"@type":"EntryPoint","urlTemplate":"https:\/\/aptent.es\/?s={search_term_string}"},"query-input":{"@type":"PropertyValueSpecification","valueRequired":true,"valueName":"search_term_string"}}],"inLanguage":"eu-ES"}]}},"_links":{"self":[{"href":"https:\/\/aptent.es\/eu\/wp-json\/wp\/v2\/pages\/9681","targetHints":{"allow":["GET"]}}],"collection":[{"href":"https:\/\/aptent.es\/eu\/wp-json\/wp\/v2\/pages"}],"about":[{"href":"https:\/\/aptent.es\/eu\/wp-json\/wp\/v2\/types\/page"}],"author":[{"embeddable":true,"href":"https:\/\/aptent.es\/eu\/wp-json\/wp\/v2\/users\/1"}],"replies":[{"embeddable":true,"href":"https:\/\/aptent.es\/eu\/wp-json\/wp\/v2\/comments?post=9681"}],"version-history":[{"count":5,"href":"https:\/\/aptent.es\/eu\/wp-json\/wp\/v2\/pages\/9681\/revisions"}],"predecessor-version":[{"id":9686,"href":"https:\/\/aptent.es\/eu\/wp-json\/wp\/v2\/pages\/9681\/revisions\/9686"}],"wp:attachment":[{"href":"https:\/\/aptent.es\/eu\/wp-json\/wp\/v2\/media?parent=9681"}],"curies":[{"name":"wp","href":"https:\/\/api.w.org\/{rel}","templated":true}]}}