{"id":9699,"date":"2024-06-25T11:18:06","date_gmt":"2024-06-25T09:18:06","guid":{"rendered":"https:\/\/aptent.es\/?page_id=9699"},"modified":"2025-12-19T12:52:07","modified_gmt":"2025-12-19T11:52:07","slug":"politica-privacidad","status":"publish","type":"page","link":"https:\/\/aptent.es\/en\/politica-privacidad\/","title":{"rendered":"Pol\u00edtica de privacidad"},"content":{"rendered":"<p>[et_pb_section fb_built=&#8221;1&#8243; custom_padding_last_edited=&#8221;on|phone&#8221; admin_label=&#8221;How it Works&#8221; _builder_version=&#8221;4.25.0&#8243; _module_preset=&#8221;default&#8221; background_color=&#8221;#006073&#8243; background_image=&#8221;https:\/\/aptent.es\/wp-content\/uploads\/2024\/04\/Vector-1.png&#8221; background_size=&#8221;initial&#8221; min_height_tablet=&#8221;150px&#8221; min_height_phone=&#8221;&#8221; min_height_last_edited=&#8221;on|tablet&#8221; custom_margin=&#8221;-13px|||||&#8221; custom_padding=&#8221;6px||81px||false|false&#8221; custom_padding_tablet=&#8221;0px||0px||false|false&#8221; custom_padding_phone=&#8221;20px||40px||false|false&#8221; background_color_phone=&#8221;#006073&#8243; background_last_edited=&#8221;on|phone&#8221; background_enable_color_phone=&#8221;on&#8221; use_background_color_gradient_phone=&#8221;off&#8221; background_color_gradient_overlays_image_phone=&#8221;on&#8221; background_image_tablet=&#8221;https:\/\/aptent.es\/wp-content\/uploads\/2024\/04\/Vector-1.png&#8221; background_image_phone=&#8221;https:\/\/aptent.es\/wp-content\/uploads\/2024\/04\/Vector-1.png&#8221; background_enable_image_tablet=&#8221;on&#8221; background_enable_image_phone=&#8221;on&#8221; parallax_phone=&#8221;off&#8221; background_position_tablet=&#8221;top_left&#8221; background_position_phone=&#8221;top_left&#8221; global_colors_info=&#8221;{}&#8221;][et_pb_row _builder_version=&#8221;4.25.0&#8243; _module_preset=&#8221;default&#8221; width=&#8221;90%&#8221; max_width=&#8221;none&#8221; module_alignment=&#8221;center&#8221; custom_margin=&#8221;61px|auto||auto|false|false&#8221; custom_margin_tablet=&#8221;||||false|false&#8221; custom_margin_phone=&#8221;0px||||false|false&#8221; custom_margin_last_edited=&#8221;on|desktop&#8221; custom_padding=&#8221;||0px||false|false&#8221; global_colors_info=&#8221;{}&#8221;][et_pb_column type=&#8221;4_4&#8243; _builder_version=&#8221;4.25.0&#8243; _module_preset=&#8221;default&#8221; global_colors_info=&#8221;{}&#8221;][et_pb_text module_class=&#8221;encabezadoservicioslanding&#8221; _builder_version=&#8221;4.25.0&#8243; _module_preset=&#8221;default&#8221; text_font=&#8221;ample bold||||||||&#8221; text_text_color=&#8221;#FFFFFF&#8221; text_font_size=&#8221;50px&#8221; text_line_height=&#8221;1.3em&#8221; text_orientation=&#8221;center&#8221; width=&#8221;100%&#8221; custom_margin=&#8221;||||false|false&#8221; custom_margin_tablet=&#8221;||||false|false&#8221; custom_margin_phone=&#8221;50px||||false|false&#8221; custom_margin_last_edited=&#8221;on|desktop&#8221; custom_padding=&#8221;||0px|30px|false|false&#8221; custom_padding_tablet=&#8221;|||0px|false|false&#8221; custom_padding_phone=&#8221;|||0px|false|false&#8221; custom_padding_last_edited=&#8221;on|desktop&#8221; text_font_size_tablet=&#8221;67px&#8221; text_font_size_phone=&#8221;45px&#8221; text_font_size_last_edited=&#8221;on|phone&#8221; text_line_height_tablet=&#8221;&#8221; text_line_height_phone=&#8221;1em&#8221; text_line_height_last_edited=&#8221;on|phone&#8221; text_orientation_tablet=&#8221;&#8221; text_orientation_phone=&#8221;&#8221; text_orientation_last_edited=&#8221;on|desktop&#8221; global_colors_info=&#8221;{}&#8221;]<\/p>\n<p>Pol\u00edtica de privacidad y protecci\u00f3n de datos<\/p>\n<p>[\/et_pb_text][\/et_pb_column][\/et_pb_row][\/et_pb_section][et_pb_section fb_built=&#8221;1&#8243; _builder_version=&#8221;4.25.0&#8243; _module_preset=&#8221;default&#8221; custom_padding=&#8221;||54px|||&#8221; global_colors_info=&#8221;{}&#8221;][et_pb_row _builder_version=&#8221;4.25.0&#8243; _module_preset=&#8221;default&#8221; global_colors_info=&#8221;{}&#8221;][et_pb_column type=&#8221;4_4&#8243; _builder_version=&#8221;4.25.0&#8243; _module_preset=&#8221;default&#8221; global_colors_info=&#8221;{}&#8221;][et_pb_text _builder_version=&#8221;4.27.2&#8243; _module_preset=&#8221;default&#8221; text_text_color=&#8221;#000000&#8243; text_font_size=&#8221;16px&#8221; custom_margin=&#8221;||29px|||&#8221; custom_css_free_form=&#8221;h2 {margin-top: 30px;margin-bottom:20px;}&#8221; global_colors_info=&#8221;{}&#8221;]<\/p>\n<p>Fecha de entrada en vigor: 05-06-2025<\/p>\n<p>Pol\u00edtica de Privacidad y Protecci\u00f3n de Datos describe c\u00f3mo APTENT SOLUCIONES S.L., con domicilio en <span style=\"font-family: tahoma, sans-serif;\"><span>Avda. de la Libertad, 2, <\/span><\/span><span>28924 Alcorc\u00f3n. Madrid, <\/span>\u00a0recoge, trata y protege los datos personales de los usuarios de su sitio web, su aplicaci\u00f3n m\u00f3vil y otros canales de recogida de datos.<\/p>\n<p>Esta pol\u00edtica ha sido redactada de forma clara, concisa, transparente, inteligible y de f\u00e1cil acceso, en cumplimiento del Reglamento General de Protecci\u00f3n de Datos (RGPD) y de la Ley Org\u00e1nica 3\/2018 (LOPDGDD).<\/p>\n<h2>1. Identidad y datos de contacto del responsable del tratamiento<\/h2>\n<p>Responsable del tratamiento: APTENT SOLUCIONES S.L.<\/p>\n<p>Direcci\u00f3n: <span style=\"font-family: tahoma, sans-serif;\"><span>Avda. de la Libertad, 2, <\/span><\/span><span>28924 Alcorc\u00f3n. Madrid<\/span><\/p>\n<p>Correo electr\u00f3nico de contacto: datos@aptent.es<\/p>\n<h2>2. Finalidad del tratamiento<\/h2>\n<p>APTENT tratar\u00e1 los datos personales de forma confidencial y \u00fanicamente con las siguientes finalidades:<\/p>\n<ol>\n<li>Gestionar la relaci\u00f3n contractual o comercial con los clientes, incluyendo la prestaci\u00f3n de servicios y productos solicitados.<\/li>\n<li>Ofrecer promociones y enviar comunicaciones comerciales personalizadas.<\/li>\n<li>Resolver consultas o incidencias.<\/li>\n<li>Cumplir con las obligaciones legales y contractuales.<\/li>\n<li>Gestionar las candidaturas recibidas por correo electr\u00f3nico.<\/li>\n<li>Gestionar la relaci\u00f3n con proveedores.<\/li>\n<\/ol>\n<h2>3. Categor\u00edas de datos personales tratados<\/h2>\n<p>APTENT tratar\u00e1 las siguientes categor\u00edas de datos personales para cada una de las finalidades anteriores:<\/p>\n<ul>\n<li>Gesti\u00f3n de la relaci\u00f3n contractual con los clientes<\/li>\n<ul>\n<li>Datos identificativos: Nombre y apellidos, direcci\u00f3n postal y electr\u00f3nica, tel\u00e9fono, direcci\u00f3n de facturaci\u00f3n.<\/li>\n<li>Datos econ\u00f3mico-financieros: Datos bancarios.<\/li>\n<\/ul>\n<li>Acceso y uso del sitio web<\/li>\n<ul>\n<li>Datos de navegaci\u00f3n y conexi\u00f3n (IP, tipo de navegador, sistema operativo).<\/li>\n<\/ul>\n<li>Promociones y comunicaciones comerciales<\/li>\n<ul>\n<li>Datos identificativos: Nombre y apellidos, direcci\u00f3n postal y electr\u00f3nica, tel\u00e9fono, direcci\u00f3n de facturaci\u00f3n.<\/li>\n<\/ul>\n<li>Atenci\u00f3n de consultas o incidencias<\/li>\n<ul>\n<li>Datos identificativos, de contacto y cualquier otra informaci\u00f3n que el usuario facilite en la comunicaci\u00f3n.<\/li>\n<\/ul>\n<li>Cumplimiento legal y contractual<\/li>\n<ul>\n<li>Todos los datos necesarios para dar cumplimiento a obligaciones legales o contractuales.<\/li>\n<\/ul>\n<li>Gesti\u00f3n de candidaturas: Datos identificativos y de contacto, datos acad\u00e9micos y profesionales, datos de caracter\u00edsticas personales incluidos en el CV.<\/li>\n<li>Gesti\u00f3n de la relaci\u00f3n con proveedores<\/li>\n<ul>\n<li>Datos identificativos: Nombre y apellidos, direcci\u00f3n postal y electr\u00f3nica, tel\u00e9fono, direcci\u00f3n de facturaci\u00f3n.<\/li>\n<li>Datos econ\u00f3mico-financieros: Datos bancarios.<\/li>\n<\/ul>\n<\/ul>\n<h2>4. Base jur\u00eddica del tratamiento<\/h2>\n<p>APTENT basa el tratamiento de los datos personales en las siguientes bases jur\u00eddicas, en funci\u00f3n de la finalidad:<\/p>\n<ul>\n<li>Gesti\u00f3n contractual o comercial con clientes:<\/li>\n<ul>\n<li>Ejecuci\u00f3n de un contrato.<\/li>\n<\/ul>\n<li>Promociones y comunicaciones personalizadas:<\/li>\n<ul>\n<li>Consentimiento del interesado o inter\u00e9s leg\u00edtimo cuando exista una relaci\u00f3n contractual previa, para el env\u00edo de comunicaciones comerciales similares a los que inicialmente fueron objeto de contrataci\u00f3n, conforme al art\u00edculo 21 de la Ley 34\/2002, de 11 de julio, de servicios de la sociedad de la informaci\u00f3n y de comercio electr\u00f3nico.<\/li>\n<\/ul>\n<li>Cumplimiento legal y contractual:<\/li>\n<ul>\n<li>Cumplimiento de obligaciones legales.<\/li>\n<\/ul>\n<li>Gesti\u00f3n de candidaturas:<\/li>\n<ul>\n<li>Inter\u00e9s leg\u00edtimo.<\/li>\n<\/ul>\n<li>Gesti\u00f3n de la relaci\u00f3n con proveedores:<\/li>\n<ul>\n<li>Consentimiento.<\/li>\n<\/ul>\n<\/ul>\n<h2>5. Destinatarios de los datos personales<\/h2>\n<p>APTENT puede comunicar datos a:<\/p>\n<ul>\n<li>Proveedores de servicios de mensajer\u00eda<\/li>\n<li>Administraciones p\u00fablicas y autoridades cuando sea exigido legalmente.<\/li>\n<li>Entidades financieras, en el caso de operaciones de pago.<\/li>\n<li>Encargados del tratamiento establecidos dentro del Espacio Econ\u00f3mico Europeo, con contratos que garantizan el cumplimiento del RGPD.<\/li>\n<\/ul>\n<h2>6. Transferencias internacionales de datos<\/h2>\n<p>APTENT no realiza transferencias internacionales de datos personales fuera del Espacio Econ\u00f3mico Europeo.<\/p>\n<h2>7. Plazo de conservaci\u00f3n de los datos<\/h2>\n<p>Los datos se conservar\u00e1n:<\/p>\n<ul>\n<li>Mientras exista una relaci\u00f3n contractual o se preste el servicio.<\/li>\n<li>Durante los plazos necesarios para cumplir con obligaciones legales.<\/li>\n<li>Hasta que el interesado revoque su consentimiento o solicite la supresi\u00f3n.<\/li>\n<\/ul>\n<h2>8. Derechos del usuario<\/h2>\n<p>El interesado puede ejercer en cualquier momento los siguientes derechos:<\/p>\n<ul>\n<li><strong>Derecho de acceso:<\/strong> conocer qu\u00e9 datos personales trata APTENT el interesado.<\/li>\n<li><strong>Derecho de rectificaci\u00f3n:<\/strong> solicitar la correcci\u00f3n de datos inexactos o incompletos.<\/li>\n<li><strong>Derecho de supresi\u00f3n:<\/strong> solicitar la eliminaci\u00f3n de los datos personales cuando ya no sean necesarios para los fines para los que fueron recogidos.<\/li>\n<li><strong>Derecho a la limitaci\u00f3n del tratamiento:<\/strong> solicitar la suspensi\u00f3n del tratamiento de sus datos en determinados casos.<\/li>\n<li><strong>Derecho de oposici\u00f3n:<\/strong> oponerse al tratamiento cuando est\u00e9 basado en intereses leg\u00edtimos o se realice con fines de marketing.<\/li>\n<li><strong>Derecho a la portabilidad:<\/strong> recibir los datos personales facilitados en un formato estructurado y transferirlos a otro responsable.<\/li>\n<\/ul>\n<p>Para ejercer estos derechos, puede enviar su solicitud a <a href=\"mailto:datos@aptent.es\">datos@aptent.es<\/a> o <span style=\"font-family: tahoma, sans-serif;\"><span>Avda. de la Libertad, 2, <\/span><\/span><span>28924 Alcorc\u00f3n. Madrid<\/span><\/p>\n<h2>9. Reclamaciones ante la autoridad de control<\/h2>\n<p>Si considera que sus derechos no han sido debidamente atendidos, podr\u00e1 presentar una reclamaci\u00f3n ante la Agencia Espa\u00f1ola de Protecci\u00f3n de Datos (AEPD), con domicilio en C\/ Jorge Juan, 6, 28001 Madrid, o a trav\u00e9s de su sitio web <a href=\"https:\/\/www.aepd.es\">www.aepd.es<\/a>.<\/p>\n<h2>10. Decisiones automatizadas y elaboraci\u00f3n de perfiles<\/h2>\n<p>APTENT no realiza decisiones automatizadas ni elaboraci\u00f3n de perfiles.<\/p>\n<p>[\/et_pb_text][\/et_pb_column][\/et_pb_row][\/et_pb_section][et_pb_section fb_built=&#8221;1&#8243; _builder_version=&#8221;4.27.2&#8243; _module_preset=&#8221;default&#8221; background_color=&#8221;#56554d&#8221; background_image=&#8221;https:\/\/aptent.es\/wp-content\/uploads\/2024\/04\/Vector-1.png&#8221; global_module=&#8221;273&#8243; saved_tabs=&#8221;all&#8221; global_colors_info=&#8221;{}&#8221;][et_pb_row column_structure=&#8221;1_4,1_4,1_4,1_4&#8243; _builder_version=&#8221;4.24.3&#8243; _module_preset=&#8221;default&#8221; width=&#8221;90%&#8221; max_width=&#8221;1380px&#8221; global_colors_info=&#8221;{}&#8221;][et_pb_column type=&#8221;1_4&#8243; _builder_version=&#8221;4.24.3&#8243; _module_preset=&#8221;default&#8221; global_colors_info=&#8221;{}&#8221;][et_pb_image src=&#8221;https:\/\/aptent.es\/wp-content\/uploads\/2024\/04\/Capa_1-2.png&#8221; alt=&#8221;LOGO APTENT BLANCO&#8221; title_text=&#8221;LOGO APTENT BLANCO&#8221; align=&#8221;center&#8221; _builder_version=&#8221;4.27.2&#8243; _module_preset=&#8221;default&#8221; width=&#8221;79%&#8221; custom_margin=&#8221;30px||||false|false&#8221; global_colors_info=&#8221;{}&#8221;][\/et_pb_image][\/et_pb_column][et_pb_column type=&#8221;1_4&#8243; _builder_version=&#8221;4.24.3&#8243; _module_preset=&#8221;default&#8221; global_colors_info=&#8221;{}&#8221;][et_pb_text _builder_version=&#8221;4.27.2&#8243; _module_preset=&#8221;default&#8221; text_text_color=&#8221;#FFFFFF&#8221; text_font_size=&#8221;22px&#8221; global_colors_info=&#8221;{}&#8221;]<\/p>\n<p style=\"text-align: center;\">Contacto<\/p>\n<p>[\/et_pb_text][dsm_icon_list text_indent=&#8221;20px&#8221; _builder_version=&#8221;4.27.2&#8243; _module_preset=&#8221;default&#8221; custom_margin=&#8221;||||false|false&#8221; locked=&#8221;off&#8221; global_colors_info=&#8221;{}&#8221;][dsm_icon_list_child text=&#8221;<a href=%22mailto:contacto@aptent.es%22>contacto@aptent.es<\/a>&#8221; use_icon=&#8221;off&#8221; image=&#8221;https:\/\/aptent.es\/wp-content\/uploads\/2024\/04\/mail-svgrepo-com1-5.png&#8221; alt=&#8221;icone mail&#8221; image_max_width=&#8221;35px&#8221; _builder_version=&#8221;4.27.0&#8243; _module_preset=&#8221;default&#8221; text_text_color=&#8221;#FFFFFF&#8221; text_font_size=&#8221;20px&#8221; global_colors_info=&#8221;{}&#8221;][\/dsm_icon_list_child][\/dsm_icon_list][\/et_pb_column][et_pb_column type=&#8221;1_4&#8243; _builder_version=&#8221;4.24.3&#8243; _module_preset=&#8221;default&#8221; global_colors_info=&#8221;{}&#8221;][et_pb_text _builder_version=&#8221;4.27.2&#8243; _module_preset=&#8221;default&#8221; text_text_color=&#8221;#FFFFFF&#8221; text_font_size=&#8221;22px&#8221; global_colors_info=&#8221;{}&#8221;]<\/p>\n<p style=\"text-align: center;\">Redes sociales<\/p>\n<p>[\/et_pb_text][dsm_icon_list icon_gap_width=&#8221;1.2em&#8221; icon_padding=&#8221;1px&#8221; list_alignment=&#8221;center&#8221; text_indent=&#8221;12px&#8221; image_padding=&#8221;1px&#8221; image_max_width=&#8221;14px&#8221; _builder_version=&#8221;4.27.2&#8243; _module_preset=&#8221;default&#8221; global_colors_info=&#8221;{}&#8221;][dsm_icon_list_child text=&#8221;Linkedin&#8221; font_icon=&#8221;&#xe09d;||divi||400&#8243; icon_color=&#8221;#FFFFFF&#8221; icon_background_color=&#8221;RGBA(255,255,255,0)&#8221; icon_padding=&#8221;5px&#8221; icon_font_size=&#8221;18px&#8221; url=&#8221;https:\/\/es.linkedin.com\/company\/aptent&#8221; url_new_window=&#8221;on&#8221; _builder_version=&#8221;4.25.0&#8243; _module_preset=&#8221;default&#8221; text_font=&#8221;ample light||||on||||&#8221; text_text_color=&#8221;#FFFFFF&#8221; text_font_size=&#8221;16px&#8221; global_colors_info=&#8221;{}&#8221;][\/dsm_icon_list_child][dsm_icon_list_child text=&#8221;Instagram&#8221; font_icon=&#8221;&#xe09a;||divi||400&#8243; icon_color=&#8221;#FFFFFF&#8221; icon_background_color=&#8221;RGBA(255,255,255,0)&#8221; icon_padding=&#8221;5px&#8221; icon_font_size=&#8221;18px&#8221; url=&#8221;https:\/\/www.instagram.com\/aptent_es\/?locale=en&#8221; url_new_window=&#8221;on&#8221; _builder_version=&#8221;4.25.0&#8243; _module_preset=&#8221;default&#8221; text_font=&#8221;ample light||||on||||&#8221; text_text_color=&#8221;#FFFFFF&#8221; text_font_size=&#8221;16px&#8221; global_colors_info=&#8221;{}&#8221;][\/dsm_icon_list_child][dsm_icon_list_child text=&#8221;Twitter&#8221; font_icon=&#8221;&#xe094;||divi||400&#8243; icon_color=&#8221;#FFFFFF&#8221; icon_background_color=&#8221;RGBA(255,255,255,0)&#8221; icon_padding=&#8221;5px&#8221; icon_font_size=&#8221;18px&#8221; url=&#8221;https:\/\/x.com\/i\/flow\/login?redirect_after_login=%2Faptent&#8221; url_new_window=&#8221;on&#8221; _builder_version=&#8221;4.25.0&#8243; _module_preset=&#8221;default&#8221; text_font=&#8221;ample light||||on||||&#8221; text_text_color=&#8221;#FFFFFF&#8221; text_font_size=&#8221;16px&#8221; global_colors_info=&#8221;{}&#8221;][\/dsm_icon_list_child][dsm_icon_list_child text=&#8221;YouTube&#8221; font_icon=&#8221;&#xf167;||fa||400&#8243; icon_color=&#8221;#FFFFFF&#8221; icon_background_color=&#8221;RGBA(255,255,255,0)&#8221; icon_padding=&#8221;5px&#8221; icon_font_size=&#8221;18px&#8221; url=&#8221;https:\/\/www.youtube.com\/user\/AptentBeAccessible&#8221; url_new_window=&#8221;on&#8221; _builder_version=&#8221;4.25.0&#8243; _module_preset=&#8221;default&#8221; text_font=&#8221;ample light||||on||||&#8221; text_text_color=&#8221;#FFFFFF&#8221; text_font_size=&#8221;16px&#8221; global_colors_info=&#8221;{}&#8221;][\/dsm_icon_list_child][\/dsm_icon_list][\/et_pb_column][et_pb_column type=&#8221;1_4&#8243; _builder_version=&#8221;4.24.3&#8243; _module_preset=&#8221;default&#8221; global_colors_info=&#8221;{}&#8221;][et_pb_image src=&#8221;https:\/\/aptent.es\/wp-content\/uploads\/2025\/08\/distintivo_ens_certificacion_MEDIA_RD311-2022.png&#8221; alt=&#8221;Certificado de conformidad con el Esquema Nacional de Seguridad &#8211; Categor\u00eda Media&#8221; title_text=&#8221;distintivo_ens_certificacion_MEDIA_RD311-2022&#8243; url=&#8221;@ET-DC@eyJkeW5hbWljIjp0cnVlLCJjb250ZW50IjoicG9zdF9saW5rX3VybF9hdHRhY2htZW50Iiwic2V0dGluZ3MiOnsicG9zdF9pZCI6IjEyNDg2In19@&#8221; url_new_window=&#8221;on&#8221; align=&#8221;center&#8221; _builder_version=&#8221;4.27.2&#8243; _dynamic_attributes=&#8221;url&#8221; _module_preset=&#8221;default&#8221; max_height=&#8221;185px&#8221; global_colors_info=&#8221;{}&#8221;][\/et_pb_image][\/et_pb_column][\/et_pb_row][et_pb_row _builder_version=&#8221;4.24.3&#8243; _module_preset=&#8221;default&#8221; global_colors_info=&#8221;{}&#8221;][et_pb_column type=&#8221;4_4&#8243; _builder_version=&#8221;4.24.3&#8243; _module_preset=&#8221;default&#8221; global_colors_info=&#8221;{}&#8221;][et_pb_image src=&#8221;https:\/\/aptent.es\/wp-content\/uploads\/2024\/04\/visuals.png&#8221; alt=&#8221;logos kit digital&#8221; title_text=&#8221;logos kit digital&#8221; _builder_version=&#8221;4.24.3&#8243; _module_preset=&#8221;default&#8221; global_colors_info=&#8221;{}&#8221;][\/et_pb_image][et_pb_text _builder_version=&#8221;4.27.2&#8243; _module_preset=&#8221;default&#8221; text_text_color=&#8221;#FFFFFF&#8221; text_orientation=&#8221;center&#8221; global_colors_info=&#8221;{}&#8221;]<span style=\"color: #ffffff;\"><a href=\"https:\/\/aptent.es\/mapa-web\/\" style=\"color: #ffffff;\">Mapa web<\/a><\/span> |\u00a0Accesibilidad web \u00a9 2024 Aptent |<span style=\"color: #ffffff;\">\u00a0<a href=\"https:\/\/aptent.es\/trabaja-con-nosotros\/\" style=\"color: #ffffff;\">Trabaja con nosotros\u00a0<\/a><\/span>|\u00a0<span style=\"color: #ffffff;\"><a href=\"https:\/\/aptent.es\/politica-privacidad\/\" style=\"color: #ffffff;\">Pol\u00edtica de privacidad<\/a><\/span>\u00a0|\u00a0<a href=\"https:\/\/aptent.es\/politica-de-cookies\/\"><span style=\"color: #ffffff;\">Politica de cookies<\/span><\/a> |\u00a0<a href=\"https:\/\/aptent.es\/politica-de-seguridad\/\"><span style=\"color: #ffffff;\">Politica de seguridad<\/span><\/a> |\u00a0<a href=\"https:\/\/aptent.es\/aviso-legal\/\"><span style=\"color: #ffffff;\">Aviso legal<\/span><\/a>[\/et_pb_text][\/et_pb_column][\/et_pb_row][\/et_pb_section]<\/p>\n","protected":false},"excerpt":{"rendered":"<p>Pol\u00edtica de privacidad y protecci\u00f3n de datosFecha de entrada en vigor: 05-06-2025 Pol\u00edtica de Privacidad y Protecci\u00f3n de Datos describe c\u00f3mo APTENT SOLUCIONES S.L., con domicilio en Avda. de la Libertad, 2, 28924 Alcorc\u00f3n. Madrid, \u00a0recoge, trata y protege los datos personales de los usuarios de su sitio web, su aplicaci\u00f3n m\u00f3vil y otros canales [&hellip;]<\/p>\n","protected":false},"author":1,"featured_media":0,"parent":0,"menu_order":0,"comment_status":"closed","ping_status":"closed","template":"","meta":{"_et_pb_use_builder":"on","_et_pb_old_content":"","_et_gb_content_width":"","footnotes":""},"class_list":["post-9699","page","type-page","status-publish","hentry"],"yoast_head":"<!-- This site is optimized with the Yoast SEO plugin v27.5 - https:\/\/yoast.com\/product\/yoast-seo-wordpress\/ -->\n<title>Pol\u00edtica de privacidad - Aptent Soluciones. Subtitulado y audiodescripci\u00f3n.<\/title>\n<meta name=\"robots\" content=\"index, follow, max-snippet:-1, max-image-preview:large, max-video-preview:-1\" \/>\n<link rel=\"canonical\" href=\"https:\/\/aptent.es\/politica-privacidad\/\" \/>\n<meta property=\"og:locale\" content=\"en_US\" \/>\n<meta property=\"og:type\" content=\"article\" \/>\n<meta property=\"og:title\" content=\"Pol\u00edtica de privacidad - Aptent Soluciones. Subtitulado y audiodescripci\u00f3n.\" \/>\n<meta property=\"og:description\" content=\"Pol\u00edtica de privacidad y protecci\u00f3n de datosFecha de entrada en vigor: 05-06-2025 Pol\u00edtica de Privacidad y Protecci\u00f3n de Datos describe c\u00f3mo APTENT SOLUCIONES S.L., con domicilio en Avda. de la Libertad, 2, 28924 Alcorc\u00f3n. Madrid, \u00a0recoge, trata y protege los datos personales de los usuarios de su sitio web, su aplicaci\u00f3n m\u00f3vil y otros canales [&hellip;]\" \/>\n<meta property=\"og:url\" content=\"https:\/\/aptent.es\/politica-privacidad\/\" \/>\n<meta property=\"og:site_name\" content=\"Aptent Soluciones. Subtitulado y audiodescripci\u00f3n.\" \/>\n<meta property=\"article:modified_time\" content=\"2025-12-19T11:52:07+00:00\" \/>\n<meta name=\"twitter:card\" content=\"summary_large_image\" \/>\n<meta name=\"twitter:label1\" content=\"Est. reading time\" \/>\n\t<meta name=\"twitter:data1\" content=\"15 minutes\" \/>\n<script type=\"application\/ld+json\" class=\"yoast-schema-graph\">{\"@context\":\"https:\\\/\\\/schema.org\",\"@graph\":[{\"@type\":\"WebPage\",\"@id\":\"https:\\\/\\\/aptent.es\\\/politica-privacidad\\\/\",\"url\":\"https:\\\/\\\/aptent.es\\\/politica-privacidad\\\/\",\"name\":\"Pol\u00edtica de privacidad - Aptent Soluciones. Subtitulado y audiodescripci\u00f3n.\",\"isPartOf\":{\"@id\":\"https:\\\/\\\/aptent.es\\\/#website\"},\"datePublished\":\"2024-06-25T09:18:06+00:00\",\"dateModified\":\"2025-12-19T11:52:07+00:00\",\"breadcrumb\":{\"@id\":\"https:\\\/\\\/aptent.es\\\/politica-privacidad\\\/#breadcrumb\"},\"inLanguage\":\"en-US\",\"potentialAction\":[{\"@type\":\"ReadAction\",\"target\":[\"https:\\\/\\\/aptent.es\\\/politica-privacidad\\\/\"]}]},{\"@type\":\"BreadcrumbList\",\"@id\":\"https:\\\/\\\/aptent.es\\\/politica-privacidad\\\/#breadcrumb\",\"itemListElement\":[{\"@type\":\"ListItem\",\"position\":1,\"name\":\"Portada\",\"item\":\"https:\\\/\\\/aptent.es\\\/gl\\\/\"},{\"@type\":\"ListItem\",\"position\":2,\"name\":\"Pol\u00edtica de privacidad\"}]},{\"@type\":\"WebSite\",\"@id\":\"https:\\\/\\\/aptent.es\\\/#website\",\"url\":\"https:\\\/\\\/aptent.es\\\/\",\"name\":\"Aptent Soluciones. Subtitulado y audiodescripci\u00f3n.\",\"description\":\"Empresa de tecnolog\u00eda y accesibilidad en la comunicaci\u00f3n. Subtitulado para sordos en directo, traducci\u00f3n, audiodescripci\u00f3n, sistema FM y bucle magn\u00e9tico.\",\"potentialAction\":[{\"@type\":\"SearchAction\",\"target\":{\"@type\":\"EntryPoint\",\"urlTemplate\":\"https:\\\/\\\/aptent.es\\\/?s={search_term_string}\"},\"query-input\":{\"@type\":\"PropertyValueSpecification\",\"valueRequired\":true,\"valueName\":\"search_term_string\"}}],\"inLanguage\":\"en-US\"}]}<\/script>\n<!-- \/ Yoast SEO plugin. -->","yoast_head_json":{"title":"Pol\u00edtica de privacidad - Aptent Soluciones. Subtitulado y audiodescripci\u00f3n.","robots":{"index":"index","follow":"follow","max-snippet":"max-snippet:-1","max-image-preview":"max-image-preview:large","max-video-preview":"max-video-preview:-1"},"canonical":"https:\/\/aptent.es\/politica-privacidad\/","og_locale":"en_US","og_type":"article","og_title":"Pol\u00edtica de privacidad - Aptent Soluciones. Subtitulado y audiodescripci\u00f3n.","og_description":"Pol\u00edtica de privacidad y protecci\u00f3n de datosFecha de entrada en vigor: 05-06-2025 Pol\u00edtica de Privacidad y Protecci\u00f3n de Datos describe c\u00f3mo APTENT SOLUCIONES S.L., con domicilio en Avda. de la Libertad, 2, 28924 Alcorc\u00f3n. Madrid, \u00a0recoge, trata y protege los datos personales de los usuarios de su sitio web, su aplicaci\u00f3n m\u00f3vil y otros canales [&hellip;]","og_url":"https:\/\/aptent.es\/politica-privacidad\/","og_site_name":"Aptent Soluciones. Subtitulado y audiodescripci\u00f3n.","article_modified_time":"2025-12-19T11:52:07+00:00","twitter_card":"summary_large_image","twitter_misc":{"Est. reading time":"15 minutes"},"schema":{"@context":"https:\/\/schema.org","@graph":[{"@type":"WebPage","@id":"https:\/\/aptent.es\/politica-privacidad\/","url":"https:\/\/aptent.es\/politica-privacidad\/","name":"Pol\u00edtica de privacidad - Aptent Soluciones. Subtitulado y audiodescripci\u00f3n.","isPartOf":{"@id":"https:\/\/aptent.es\/#website"},"datePublished":"2024-06-25T09:18:06+00:00","dateModified":"2025-12-19T11:52:07+00:00","breadcrumb":{"@id":"https:\/\/aptent.es\/politica-privacidad\/#breadcrumb"},"inLanguage":"en-US","potentialAction":[{"@type":"ReadAction","target":["https:\/\/aptent.es\/politica-privacidad\/"]}]},{"@type":"BreadcrumbList","@id":"https:\/\/aptent.es\/politica-privacidad\/#breadcrumb","itemListElement":[{"@type":"ListItem","position":1,"name":"Portada","item":"https:\/\/aptent.es\/gl\/"},{"@type":"ListItem","position":2,"name":"Pol\u00edtica de privacidad"}]},{"@type":"WebSite","@id":"https:\/\/aptent.es\/#website","url":"https:\/\/aptent.es\/","name":"Aptent Soluciones. Subtitulado y audiodescripci\u00f3n.","description":"Empresa de tecnolog\u00eda y accesibilidad en la comunicaci\u00f3n. Subtitulado para sordos en directo, traducci\u00f3n, audiodescripci\u00f3n, sistema FM y bucle magn\u00e9tico.","potentialAction":[{"@type":"SearchAction","target":{"@type":"EntryPoint","urlTemplate":"https:\/\/aptent.es\/?s={search_term_string}"},"query-input":{"@type":"PropertyValueSpecification","valueRequired":true,"valueName":"search_term_string"}}],"inLanguage":"en-US"}]}},"_links":{"self":[{"href":"https:\/\/aptent.es\/en\/wp-json\/wp\/v2\/pages\/9699","targetHints":{"allow":["GET"]}}],"collection":[{"href":"https:\/\/aptent.es\/en\/wp-json\/wp\/v2\/pages"}],"about":[{"href":"https:\/\/aptent.es\/en\/wp-json\/wp\/v2\/types\/page"}],"author":[{"embeddable":true,"href":"https:\/\/aptent.es\/en\/wp-json\/wp\/v2\/users\/1"}],"replies":[{"embeddable":true,"href":"https:\/\/aptent.es\/en\/wp-json\/wp\/v2\/comments?post=9699"}],"version-history":[{"count":16,"href":"https:\/\/aptent.es\/en\/wp-json\/wp\/v2\/pages\/9699\/revisions"}],"predecessor-version":[{"id":12650,"href":"https:\/\/aptent.es\/en\/wp-json\/wp\/v2\/pages\/9699\/revisions\/12650"}],"wp:attachment":[{"href":"https:\/\/aptent.es\/en\/wp-json\/wp\/v2\/media?parent=9699"}],"curies":[{"name":"wp","href":"https:\/\/api.w.org\/{rel}","templated":true}]}}