{"id":11532,"date":"2024-05-08T17:29:00","date_gmt":"2024-05-08T15:29:00","guid":{"rendered":"https:\/\/aptent.es\/novedades\/"},"modified":"2024-10-30T14:30:05","modified_gmt":"2024-10-30T13:30:05","slug":"novetats","status":"publish","type":"page","link":"https:\/\/aptent.es\/ca\/novetats\/","title":{"rendered":"Novetats"},"content":{"rendered":"<div class='pt-cv-wrapper et_smooth_scroll_disabled'> <div class=\"pt-cv-view pt-cv-overlaygrid iscvblock iscvreal overlay1 layout1 cveffect-zoomin\" id=\"pt-cv-view-hlbv2bzd\"><div data-id=\"pt-cv-page-1\" class=\"pt-cv-page\" data-cvc=\"2\"><div class=\" pt-cv-content-item pt-cv-1-col\" ><div class=\"pt-cv-thumb-wrapper  \"><a href=\"https:\/\/aptent.es\/ca\/audiodescripcion-para-personas-con-discapacidad-visual\/\" class=\"_self pt-cv-href-thumbnail pt-cv-thumb-default\" target=\"_self\" ><img loading=\"lazy\" decoding=\"async\" width=\"768\" height=\"415\" src=\"https:\/\/aptent.es\/wp-content\/uploads\/2024\/11\/ventajas-startit-audiodescripcion-768x415.png\" class=\"pt-cv-thumbnail\" alt=\"\" \/><\/a><div class=\"pt-cv-taxoterm over_top_right\"><a href='https:\/\/aptent.es\/ca\/category\/como-ca\/' title='\u00bfC\u00f3mo&#8230;?' class='pt-cv-tax-como-ca'>\u00bfC\u00f3mo&#8230;?<\/a><a href='https:\/\/aptent.es\/ca\/category\/accessibilitat-a-la-comunicacio\/' title='Accessibilitat a la comunicaci\u00f3' class='pt-cv-tax-accessibilitat-a-la-comunicacio'>Accessibilitat a la comunicaci\u00f3<\/a><a href='https:\/\/aptent.es\/ca\/category\/article-ca\/' title='Article' class='pt-cv-tax-article-ca'>Article<\/a><\/div><\/div>\n<div class=\"pt-cv-overlay-wrapper\"><h4 class=\"pt-cv-title\"><a href=\"https:\/\/aptent.es\/ca\/audiodescripcion-para-personas-con-discapacidad-visual\/\" class=\"_self\" target=\"_self\" >Audiodescripci\u00f3n para personas con discapacidad visual<\/a><\/h4><div class=\"pt-cv-rmwrap\"><a href=\"https:\/\/aptent.es\/ca\/audiodescripcion-para-personas-con-discapacidad-visual\/\" class=\"_self pt-cv-readmore btn btn-success\" target=\"_self\" >Llegiu-ne M\u00e9s<\/a><\/div><div class=\"pt-cv-meta-fields\"><span class=\"entry-date\"><span class=\"glyphicon glyphicon-calendar\"><\/span> <time datetime=\"2025-08-14T10:00:00+02:00\">14 d&#039;agost de 2025<\/time><\/span><\/div><\/div><\/div>\n<div class=\" pt-cv-content-item pt-cv-1-col\" ><div class=\"pt-cv-thumb-wrapper  \"><a href=\"https:\/\/aptent.es\/ca\/interprete-lengua-de-signos-eventos\/\" class=\"_self pt-cv-href-thumbnail pt-cv-thumb-default\" target=\"_self\" ><img loading=\"lazy\" decoding=\"async\" width=\"768\" height=\"512\" src=\"https:\/\/aptent.es\/wp-content\/uploads\/2025\/07\/MG_7038-768x512.jpg\" class=\"pt-cv-thumbnail\" alt=\"\" \/><\/a><div class=\"pt-cv-taxoterm over_top_right\"><a href='https:\/\/aptent.es\/ca\/category\/como-ca\/' title='\u00bfC\u00f3mo&#8230;?' class='pt-cv-tax-como-ca'>\u00bfC\u00f3mo&#8230;?<\/a><a href='https:\/\/aptent.es\/ca\/category\/accessibilitat-a-la-comunicacio\/' title='Accessibilitat a la comunicaci\u00f3' class='pt-cv-tax-accessibilitat-a-la-comunicacio'>Accessibilitat a la comunicaci\u00f3<\/a><a href='https:\/\/aptent.es\/ca\/category\/article-ca\/' title='Article' class='pt-cv-tax-article-ca'>Article<\/a><\/div><\/div>\n<div class=\"pt-cv-overlay-wrapper\"><h4 class=\"pt-cv-title\"><a href=\"https:\/\/aptent.es\/ca\/interprete-lengua-de-signos-eventos\/\" class=\"_self\" target=\"_self\" >La Labor dels Int\u00e8rprets de Llengua de Signes Espanyola<\/a><\/h4><div class=\"pt-cv-rmwrap\"><a href=\"https:\/\/aptent.es\/ca\/interprete-lengua-de-signos-eventos\/\" class=\"_self pt-cv-readmore btn btn-success\" target=\"_self\" >Llegiu-ne M\u00e9s<\/a><\/div><div class=\"pt-cv-meta-fields\"><span class=\"entry-date\"><span class=\"glyphicon glyphicon-calendar\"><\/span> <time datetime=\"2025-07-22T12:56:53+02:00\">22 de juliol de 2025<\/time><\/span><\/div><\/div><\/div>\n<div class=\" pt-cv-content-item pt-cv-1-col\" ><div class=\"pt-cv-thumb-wrapper  \"><a href=\"https:\/\/aptent.es\/ca\/musicales-accesibles\/\" class=\"_self pt-cv-href-thumbnail pt-cv-thumb-default\" target=\"_self\" ><img loading=\"lazy\" decoding=\"async\" width=\"768\" height=\"441\" src=\"https:\/\/aptent.es\/wp-content\/uploads\/2025\/06\/2D618789-C046-48AE-8512FA1E01EA5677-768x441.jpeg\" class=\"pt-cv-thumbnail\" alt=\"\" \/><\/a><div class=\"pt-cv-taxoterm over_top_right\"><a href='https:\/\/aptent.es\/ca\/category\/como-ca\/' title='\u00bfC\u00f3mo&#8230;?' class='pt-cv-tax-como-ca'>\u00bfC\u00f3mo&#8230;?<\/a><a href='https:\/\/aptent.es\/ca\/category\/article-ca\/' title='Article' class='pt-cv-tax-article-ca'>Article<\/a><a href='https:\/\/aptent.es\/ca\/category\/teatre-accesible\/' title='Teatre Accesible' class='pt-cv-tax-teatre-accesible'>Teatre Accesible<\/a><\/div><\/div>\n<div class=\"pt-cv-overlay-wrapper\"><h4 class=\"pt-cv-title\"><a href=\"https:\/\/aptent.es\/ca\/musicales-accesibles\/\" class=\"_self\" target=\"_self\" >La M\u00e0gia dels Musicals Accessibles<\/a><\/h4><div class=\"pt-cv-rmwrap\"><a href=\"https:\/\/aptent.es\/ca\/musicales-accesibles\/\" class=\"_self pt-cv-readmore btn btn-success\" target=\"_self\" >Llegiu-ne M\u00e9s<\/a><\/div><div class=\"pt-cv-meta-fields\"><span class=\"entry-date\"><span class=\"glyphicon glyphicon-calendar\"><\/span> <time datetime=\"2025-06-19T10:18:51+02:00\">19 de juny de 2025<\/time><\/span><\/div><\/div><\/div>\n<div class=\" pt-cv-content-item pt-cv-1-col\" ><div class=\"pt-cv-thumb-wrapper  \"><a href=\"https:\/\/aptent.es\/ca\/el-cesya-anuncia-el-tancament-del-segell-de-certificacio-daccessibilitat-i-ara-que-faig-amb-el-meu-projecte-audiovisual\/\" class=\"_self pt-cv-href-thumbnail pt-cv-thumb-default\" target=\"_self\" ><img loading=\"lazy\" decoding=\"async\" width=\"454\" height=\"240\" src=\"https:\/\/aptent.es\/wp-content\/uploads\/2025\/05\/Diseno-sin-titulo-e1747730908523.png\" class=\"pt-cv-thumbnail\" alt=\"\" \/><\/a><div class=\"pt-cv-taxoterm over_top_right\"><a href='https:\/\/aptent.es\/ca\/category\/como-ca\/' title='\u00bfC\u00f3mo&#8230;?' class='pt-cv-tax-como-ca'>\u00bfC\u00f3mo&#8230;?<\/a><a href='https:\/\/aptent.es\/ca\/category\/article-ca\/' title='Article' class='pt-cv-tax-article-ca'>Article<\/a><a href='https:\/\/aptent.es\/ca\/category\/noticies\/' title='Not\u00edcies' class='pt-cv-tax-noticies'>Not\u00edcies<\/a><\/div><\/div>\n<div class=\"pt-cv-overlay-wrapper\"><h4 class=\"pt-cv-title\"><a href=\"https:\/\/aptent.es\/ca\/el-cesya-anuncia-el-tancament-del-segell-de-certificacio-daccessibilitat-i-ara-que-faig-amb-el-meu-projecte-audiovisual\/\" class=\"_self\" target=\"_self\" >El CESyA anuncia el tancament del segell de certificaci\u00f3 d\u2019accessibilitat, i ara qu\u00e8 faig amb el meu projecte audiovisual?<\/a><\/h4><div class=\"pt-cv-rmwrap\"><a href=\"https:\/\/aptent.es\/ca\/el-cesya-anuncia-el-tancament-del-segell-de-certificacio-daccessibilitat-i-ara-que-faig-amb-el-meu-projecte-audiovisual\/\" class=\"_self pt-cv-readmore btn btn-success\" target=\"_self\" >Llegiu-ne M\u00e9s<\/a><\/div><div class=\"pt-cv-meta-fields\"><span class=\"entry-date\"><span class=\"glyphicon glyphicon-calendar\"><\/span> <time datetime=\"2025-05-19T10:36:25+02:00\">19 de maig de 2025<\/time><\/span><\/div><\/div><\/div>\n<div class=\" pt-cv-content-item pt-cv-1-col\" ><div class=\"pt-cv-thumb-wrapper  \"><a href=\"https:\/\/aptent.es\/ca\/ayudas-tecnicas-para-discapacidad-auditiva\/\" class=\"_self pt-cv-href-thumbnail pt-cv-thumb-default\" target=\"_self\" ><img loading=\"lazy\" decoding=\"async\" width=\"768\" height=\"512\" src=\"https:\/\/aptent.es\/wp-content\/uploads\/2025\/02\/MG_6981-768x512.jpg\" class=\"pt-cv-thumbnail\" alt=\"sistema de ayuda auditiva\" \/><\/a><div class=\"pt-cv-taxoterm over_top_right\"><a href='https:\/\/aptent.es\/ca\/category\/como-ca\/' title='\u00bfC\u00f3mo&#8230;?' class='pt-cv-tax-como-ca'>\u00bfC\u00f3mo&#8230;?<\/a><a href='https:\/\/aptent.es\/ca\/category\/accessibilitat-a-la-comunicacio\/' title='Accessibilitat a la comunicaci\u00f3' class='pt-cv-tax-accessibilitat-a-la-comunicacio'>Accessibilitat a la comunicaci\u00f3<\/a><a href='https:\/\/aptent.es\/ca\/category\/article-ca\/' title='Article' class='pt-cv-tax-article-ca'>Article<\/a><\/div><\/div>\n<div class=\"pt-cv-overlay-wrapper\"><h4 class=\"pt-cv-title\"><a href=\"https:\/\/aptent.es\/ca\/ayudas-tecnicas-para-discapacidad-auditiva\/\" class=\"_self\" target=\"_self\" >Ajudes t\u00e8cniques per a la discapacitat auditiva<\/a><\/h4><div class=\"pt-cv-rmwrap\"><a href=\"https:\/\/aptent.es\/ca\/ayudas-tecnicas-para-discapacidad-auditiva\/\" class=\"_self pt-cv-readmore btn btn-success\" target=\"_self\" >Llegiu-ne M\u00e9s<\/a><\/div><div class=\"pt-cv-meta-fields\"><span class=\"entry-date\"><span class=\"glyphicon glyphicon-calendar\"><\/span> <time datetime=\"2025-02-27T12:39:10+01:00\">27 de febrer de 2025<\/time><\/span><\/div><\/div><\/div>\n<div class=\" pt-cv-content-item pt-cv-1-col\" ><div class=\"pt-cv-thumb-wrapper  \"><a href=\"https:\/\/aptent.es\/ca\/que-es-lestenotipia-aptent\/\" class=\"_self pt-cv-href-thumbnail pt-cv-thumb-default\" target=\"_self\" ><img loading=\"lazy\" decoding=\"async\" width=\"747\" height=\"456\" src=\"https:\/\/aptent.es\/wp-content\/uploads\/2025\/01\/Fotos-para-articulos-blog.png\" class=\"pt-cv-thumbnail\" alt=\"estenotipia que es\" \/><\/a><div class=\"pt-cv-taxoterm over_top_right\"><a href='https:\/\/aptent.es\/ca\/category\/accessibilitat-a-la-comunicacio\/' title='Accessibilitat a la comunicaci\u00f3' class='pt-cv-tax-accessibilitat-a-la-comunicacio'>Accessibilitat a la comunicaci\u00f3<\/a><a href='https:\/\/aptent.es\/ca\/category\/article-ca\/' title='Article' class='pt-cv-tax-article-ca'>Article<\/a><\/div><\/div>\n<div class=\"pt-cv-overlay-wrapper\"><h4 class=\"pt-cv-title\"><a href=\"https:\/\/aptent.es\/ca\/que-es-lestenotipia-aptent\/\" class=\"_self\" target=\"_self\" >Qu\u00e8 \u00e9s l\u2019estenot\u00edpia? &#8211; APTENT<\/a><\/h4><div class=\"pt-cv-rmwrap\"><a href=\"https:\/\/aptent.es\/ca\/que-es-lestenotipia-aptent\/\" class=\"_self pt-cv-readmore btn btn-success\" target=\"_self\" >Llegiu-ne M\u00e9s<\/a><\/div><div class=\"pt-cv-meta-fields\"><span class=\"entry-date\"><span class=\"glyphicon glyphicon-calendar\"><\/span> <time datetime=\"2025-01-30T08:00:00+01:00\">30 de gener de 2025<\/time><\/span><\/div><\/div><\/div><\/div><\/div>\n<div class=\" pt-cv-pagination-wrapper\"><ul class=\"pt-cv-pagination pt-cv-ajax pagination\" data-totalpages=\"3\" data-currentpage=\"1\" data-sid=\"hlbv2bzd\" data-unid=\"\" data-isblock=\"overlay1\" data-postid=\"0\"><li class=\"active\"><a href=\"#\">1<\/a><\/li>\n\t<li ><a class=\"\" href=\"https:\/\/aptent.es\/ca\/wp-json\/wp\/v2\/pages\/11532\/?_page=2\">2<\/a><\/li>\n\t<li ><a class=\"\" href=\"https:\/\/aptent.es\/ca\/wp-json\/wp\/v2\/pages\/11532\/?_page=3\">3<\/a><\/li>\n\t<li ><a class=\" \" href=\"https:\/\/aptent.es\/ca\/wp-json\/wp\/v2\/pages\/11532\/?_page=2\">&rsaquo;<\/a><\/li>\n\t<\/ul><img loading=\"lazy\" decoding=\"async\" width=\"15\" height=\"15\" class=\"pt-cv-spinner\" alt=\"Loading...\" src=\"data:image\/gif;base64,R0lGODlhDwAPALMPAMrKygwMDJOTkz09PZWVla+vr3p6euTk5M7OzuXl5TMzMwAAAJmZmWZmZszMzP\/\/\/yH\/C05FVFNDQVBFMi4wAwEAAAAh+QQFCgAPACwAAAAADwAPAAAEQvDJaZaZOIcV8iQK8VRX4iTYoAwZ4iCYoAjZ4RxejhVNoT+mRGP4cyF4Pp0N98sBGIBMEMOotl6YZ3S61Bmbkm4mAgAh+QQFCgAPACwAAAAADQANAAAENPDJSRSZeA418itN8QiK8BiLITVsFiyBBIoYqnoewAD4xPw9iY4XLGYSjkQR4UAUD45DLwIAIfkEBQoADwAsAAAAAA8ACQAABC\/wyVlamTi3nSdgwFNdhEJgTJoNyoB9ISYoQmdjiZPcj7EYCAeCF1gEDo4Dz2eIAAAh+QQFCgAPACwCAAAADQANAAAEM\/DJBxiYeLKdX3IJZT1FU0iIg2RNKx3OkZVnZ98ToRD4MyiDnkAh6BkNC0MvsAj0kMpHBAAh+QQFCgAPACwGAAAACQAPAAAEMDC59KpFDll73HkAA2wVY5KgiK5b0RRoI6MuzG6EQqCDMlSGheEhUAgqgUUAFRySIgAh+QQFCgAPACwCAAIADQANAAAEM\/DJKZNLND\/kkKaHc3xk+QAMYDKsiaqmZCxGVjSFFCxB1vwy2oOgIDxuucxAMTAJFAJNBAAh+QQFCgAPACwAAAYADwAJAAAEMNAs86q1yaWwwv2Ig0jUZx3OYa4XoRAfwADXoAwfo1+CIjyFRuEho60aSNYlOPxEAAAh+QQFCgAPACwAAAIADQANAAAENPA9s4y8+IUVcqaWJ4qEQozSoAzoIyhCK2NFU2SJk0hNnyEOhKR2AzAAj4Pj4GE4W0bkJQIAOw==\" \/><div class=\"clear pt-cv-clear-pagination\"><\/div><\/div> <\/div> <style>\n#pt-cv-view-hlbv2bzd .pt-cv-thumb-wrapper::before {background: linear-gradient(to bottom, rgba(0,0,0,0), rgba(0,0,0,0.5), rgba(0,0,0,0.9)); opacity: 0.9;}#pt-cv-view-hlbv2bzd .pt-cv-overlay-wrapper {justify-content: flex-end;}\n#pt-cv-view-hlbv2bzd .pt-cv-overlay-wrapper { padding: 18px 18px 18px 18px; }#pt-cv-view-hlbv2bzd .pt-cv-content-item { border-style: none;border-width: 0px 0px 0px 0px;border-radius: 10px 10px 10px 10px; }#pt-cv-view-hlbv2bzd .pt-cv-meta-fields {  }#pt-cv-view-hlbv2bzd .pt-cv-meta-fields * { font-size: 13px; }#pt-cv-view-hlbv2bzd .pt-cv-title a { display: block; }#pt-cv-view-hlbv2bzd .pt-cv-title:not(.pt-cv-titlesm) a { font-weight: 600;text-decoration: none;font-size: 20px; }#pt-cv-view-hlbv2bzd .pt-cv-titlesm a { font-weight: 600;font-size: 18px; }#pt-cv-view-hlbv2bzd .pt-cv-content { font-size: 15px; }#pt-cv-view-hlbv2bzd .pt-cv-rmwrap {  }#pt-cv-view-hlbv2bzd .pt-cv-readmore { color: #006173;background-color: #ffffff;font-size: 14px; }#pt-cv-view-hlbv2bzd .pt-cv-taxoterm { margin: 20px 20px 20px 20px; }#pt-cv-view-hlbv2bzd .pt-cv-taxoterm * { color: #c6fdac;background-color: #006073;font-size: 14px;border-radius: 5px 5px 5px 5px; }#pt-cv-view-hlbv2bzd + .pt-cv-pagination-wrapper { text-align: right; }#pt-cv-view-hlbv2bzd + .pt-cv-pagination-wrapper a { color: #c6fdac;background-color: #006073;font-size: 14px; }#pt-cv-view-hlbv2bzd > .pt-cv-page {grid-template-columns: repeat(2, 1fr);grid-auto-rows: 307px;grid-gap: 10px;}\n@media all and (max-width: 1024px) { \n#pt-cv-view-hlbv2bzd > .pt-cv-page {grid-template-columns: repeat(2, 1fr);}\n} \n@media all and (max-width: 767px) { \n#pt-cv-view-hlbv2bzd > .pt-cv-page {grid-template-columns: repeat(1, 1fr);}\n} <\/style>\n\n\n<div class=\"wp-block-divi-layout\"><\/div>\n","protected":false},"excerpt":{"rendered":"","protected":false},"author":1,"featured_media":0,"parent":0,"menu_order":0,"comment_status":"closed","ping_status":"closed","template":"","meta":{"_et_pb_use_builder":"off","_et_pb_old_content":"<!-- wp:contentviews\/overlay1 {\"blockId\":\"hlbv2bzd\",\"columns\":{\"md\":2,\"sm\":2,\"xs\":1},\"taxonomy\":[{\"label\":\"Categor\u00edas\",\"value\":\"category\"}],\"showHeading\":false,\"taxoPosition\":\"over_top_right\",\"showReadmore\":true,\"metaWhich\":[{\"value\":\"date\",\"label\":\"Fecha\"}],\"metaIcon\":true,\"showPagination\":true,\"thumbnailEffect\":\"cveffect-zoomin\",\"headingText\":\"Noticias\",\"headingStyle\":\"heading6\",\"category-terms\":[{\"label\":\"\u00bfC\u00f3mo...?\",\"value\":\"como\"},{\"label\":\"Accesibilidad a la comunicaci\u00f3n\",\"value\":\"accesibilidad-comunicacion\"},{\"label\":\"Aptent en los medios\",\"value\":\"aptent-en-los-medios\"},{\"label\":\"Apt\u00e9nticos\",\"value\":\"aptenticos\"},{\"label\":\"Art\u00edculo\",\"value\":\"articulo\"},{\"label\":\"Entrevistas\",\"value\":\"entrevistas\"},{\"label\":\"Eventos\",\"value\":\"eventos\"},{\"label\":\"Formaciones\",\"value\":\"formaciones\"},{\"label\":\"Normativa\",\"value\":\"normativa\"},{\"label\":\"Noticias\",\"value\":\"noticias\"},{\"label\":\"Opini\u00f3n\",\"value\":\"opinion\"},{\"label\":\"Premios y reconocimientos\",\"value\":\"premios-y-reconocimientos\"},{\"label\":\"Sin categor\u00eda\",\"value\":\"sin-categoria\"},{\"label\":\"Teatro Accesible\",\"value\":\"teatro-accesible\"}],\"overlay-wrapperPadding\":{\"md\":{\"top\":\"18\",\"right\":\"18\",\"bottom\":\"18\",\"left\":\"18\"}},\"content-itemBorderStyle\":\"none\",\"content-itemBorderWidth\":{\"md\":{\"top\":\"\",\"right\":\"\",\"bottom\":\"\",\"left\":\"\"}},\"content-itemBorderRadius\":{\"md\":{\"top\":\"10\",\"right\":\"10\",\"bottom\":\"10\",\"left\":\"10\"}},\"readmoreColor\":\"#006173\",\"readmoreBgColor\":\"#ffffff\",\"taxotermColor\":\"#c6fdac\",\"taxotermBgColor\":\"#006073\",\"taxotermMargin\":{\"md\":{\"top\":\"20\",\"right\":\"20\",\"bottom\":\"20\",\"left\":\"20\"}},\"taxotermBorderRadius\":{\"md\":{\"top\":\"5\",\"right\":\"5\",\"bottom\":\"5\",\"left\":\"5\"}},\"paginationAlign\":\"right\",\"paginationColor\":\"#c6fdac\",\"paginationBgColor\":\"#006073\",\"overlayType\":\"gradient\",\"overlayOpacity\":\"0.9\",\"overlayPosition\":\"bottom\",\"hetargetHeight\":{\"md\":307}} \/-->\n\n<!-- wp:divi\/layout -->\n<div class=\"wp-block-divi-layout\"><\/div>\n<!-- \/wp:divi\/layout -->","_et_gb_content_width":"795","footnotes":""},"class_list":["post-11532","page","type-page","status-publish","hentry"],"yoast_head":"<!-- This site is optimized with the Yoast SEO plugin v27.4 - https:\/\/yoast.com\/product\/yoast-seo-wordpress\/ -->\n<title>Novetats - Aptent Soluciones. Subtitulado y audiodescripci\u00f3n.<\/title>\n<meta name=\"robots\" content=\"index, follow, max-snippet:-1, max-image-preview:large, max-video-preview:-1\" \/>\n<link rel=\"canonical\" href=\"https:\/\/aptent.es\/ca\/novetats\/\" \/>\n<meta property=\"og:locale\" content=\"ca_ES\" \/>\n<meta property=\"og:type\" content=\"article\" \/>\n<meta property=\"og:title\" content=\"Novetats - Aptent Soluciones. Subtitulado y audiodescripci\u00f3n.\" \/>\n<meta property=\"og:url\" content=\"https:\/\/aptent.es\/ca\/novetats\/\" \/>\n<meta property=\"og:site_name\" content=\"Aptent Soluciones. Subtitulado y audiodescripci\u00f3n.\" \/>\n<meta property=\"article:modified_time\" content=\"2024-10-30T13:30:05+00:00\" \/>\n<meta name=\"twitter:card\" content=\"summary_large_image\" \/>\n<script type=\"application\/ld+json\" class=\"yoast-schema-graph\">{\"@context\":\"https:\\\/\\\/schema.org\",\"@graph\":[{\"@type\":\"WebPage\",\"@id\":\"https:\\\/\\\/aptent.es\\\/ca\\\/novetats\\\/\",\"url\":\"https:\\\/\\\/aptent.es\\\/ca\\\/novetats\\\/\",\"name\":\"Novetats - Aptent Soluciones. Subtitulado y audiodescripci\u00f3n.\",\"isPartOf\":{\"@id\":\"https:\\\/\\\/aptent.es\\\/#website\"},\"datePublished\":\"2024-05-08T15:29:00+00:00\",\"dateModified\":\"2024-10-30T13:30:05+00:00\",\"breadcrumb\":{\"@id\":\"https:\\\/\\\/aptent.es\\\/ca\\\/novetats\\\/#breadcrumb\"},\"inLanguage\":\"ca\",\"potentialAction\":[{\"@type\":\"ReadAction\",\"target\":[\"https:\\\/\\\/aptent.es\\\/ca\\\/novetats\\\/\"]}]},{\"@type\":\"BreadcrumbList\",\"@id\":\"https:\\\/\\\/aptent.es\\\/ca\\\/novetats\\\/#breadcrumb\",\"itemListElement\":[{\"@type\":\"ListItem\",\"position\":1,\"name\":\"Portada\",\"item\":\"https:\\\/\\\/aptent.es\\\/ca\\\/\"},{\"@type\":\"ListItem\",\"position\":2,\"name\":\"Novetats\"}]},{\"@type\":\"WebSite\",\"@id\":\"https:\\\/\\\/aptent.es\\\/#website\",\"url\":\"https:\\\/\\\/aptent.es\\\/\",\"name\":\"Aptent Soluciones. Subtitulado y audiodescripci\u00f3n.\",\"description\":\"Empresa de tecnolog\u00eda y accesibilidad en la comunicaci\u00f3n. Subtitulado para sordos en directo, traducci\u00f3n, audiodescripci\u00f3n, sistema FM y bucle magn\u00e9tico.\",\"potentialAction\":[{\"@type\":\"SearchAction\",\"target\":{\"@type\":\"EntryPoint\",\"urlTemplate\":\"https:\\\/\\\/aptent.es\\\/?s={search_term_string}\"},\"query-input\":{\"@type\":\"PropertyValueSpecification\",\"valueRequired\":true,\"valueName\":\"search_term_string\"}}],\"inLanguage\":\"ca\"}]}<\/script>\n<!-- \/ Yoast SEO plugin. -->","yoast_head_json":{"title":"Novetats - Aptent Soluciones. Subtitulado y audiodescripci\u00f3n.","robots":{"index":"index","follow":"follow","max-snippet":"max-snippet:-1","max-image-preview":"max-image-preview:large","max-video-preview":"max-video-preview:-1"},"canonical":"https:\/\/aptent.es\/ca\/novetats\/","og_locale":"ca_ES","og_type":"article","og_title":"Novetats - Aptent Soluciones. Subtitulado y audiodescripci\u00f3n.","og_url":"https:\/\/aptent.es\/ca\/novetats\/","og_site_name":"Aptent Soluciones. Subtitulado y audiodescripci\u00f3n.","article_modified_time":"2024-10-30T13:30:05+00:00","twitter_card":"summary_large_image","schema":{"@context":"https:\/\/schema.org","@graph":[{"@type":"WebPage","@id":"https:\/\/aptent.es\/ca\/novetats\/","url":"https:\/\/aptent.es\/ca\/novetats\/","name":"Novetats - Aptent Soluciones. Subtitulado y audiodescripci\u00f3n.","isPartOf":{"@id":"https:\/\/aptent.es\/#website"},"datePublished":"2024-05-08T15:29:00+00:00","dateModified":"2024-10-30T13:30:05+00:00","breadcrumb":{"@id":"https:\/\/aptent.es\/ca\/novetats\/#breadcrumb"},"inLanguage":"ca","potentialAction":[{"@type":"ReadAction","target":["https:\/\/aptent.es\/ca\/novetats\/"]}]},{"@type":"BreadcrumbList","@id":"https:\/\/aptent.es\/ca\/novetats\/#breadcrumb","itemListElement":[{"@type":"ListItem","position":1,"name":"Portada","item":"https:\/\/aptent.es\/ca\/"},{"@type":"ListItem","position":2,"name":"Novetats"}]},{"@type":"WebSite","@id":"https:\/\/aptent.es\/#website","url":"https:\/\/aptent.es\/","name":"Aptent Soluciones. Subtitulado y audiodescripci\u00f3n.","description":"Empresa de tecnolog\u00eda y accesibilidad en la comunicaci\u00f3n. Subtitulado para sordos en directo, traducci\u00f3n, audiodescripci\u00f3n, sistema FM y bucle magn\u00e9tico.","potentialAction":[{"@type":"SearchAction","target":{"@type":"EntryPoint","urlTemplate":"https:\/\/aptent.es\/?s={search_term_string}"},"query-input":{"@type":"PropertyValueSpecification","valueRequired":true,"valueName":"search_term_string"}}],"inLanguage":"ca"}]}},"_links":{"self":[{"href":"https:\/\/aptent.es\/ca\/wp-json\/wp\/v2\/pages\/11532","targetHints":{"allow":["GET"]}}],"collection":[{"href":"https:\/\/aptent.es\/ca\/wp-json\/wp\/v2\/pages"}],"about":[{"href":"https:\/\/aptent.es\/ca\/wp-json\/wp\/v2\/types\/page"}],"author":[{"embeddable":true,"href":"https:\/\/aptent.es\/ca\/wp-json\/wp\/v2\/users\/1"}],"replies":[{"embeddable":true,"href":"https:\/\/aptent.es\/ca\/wp-json\/wp\/v2\/comments?post=11532"}],"version-history":[{"count":4,"href":"https:\/\/aptent.es\/ca\/wp-json\/wp\/v2\/pages\/11532\/revisions"}],"predecessor-version":[{"id":11538,"href":"https:\/\/aptent.es\/ca\/wp-json\/wp\/v2\/pages\/11532\/revisions\/11538"}],"wp:attachment":[{"href":"https:\/\/aptent.es\/ca\/wp-json\/wp\/v2\/media?parent=11532"}],"curies":[{"name":"wp","href":"https:\/\/api.w.org\/{rel}","templated":true}]}}