{"id":10416,"date":"2024-06-26T11:44:15","date_gmt":"2024-06-26T09:44:15","guid":{"rendered":"https:\/\/aptent.es\/contacte\/"},"modified":"2024-09-10T10:36:51","modified_gmt":"2024-09-10T08:36:51","slug":"contacte","status":"publish","type":"page","link":"https:\/\/aptent.es\/ca\/contacte\/","title":{"rendered":"Contacte"},"content":{"rendered":"<p>[et_pb_section fb_built=&#8221;1&#8243; _builder_version=&#8221;4.25.0&#8243; _module_preset=&#8221;default&#8221; background_color=&#8221;#006073&#8243; background_image=&#8221;https:\/\/aptent.es\/wp-content\/uploads\/2024\/04\/Vector-1.png&#8221; custom_padding=&#8221;0px|||||&#8221; global_colors_info=&#8221;{}&#8221;][et_pb_row column_structure=&#8221;1_2,1_2&#8243; _builder_version=&#8221;4.25.0&#8243; _module_preset=&#8221;default&#8221; background_enable_color=&#8221;off&#8221; background_enable_image=&#8221;off&#8221; parallax=&#8221;on&#8221; width=&#8221;90%&#8221; max_width=&#8221;1515px&#8221; custom_padding=&#8221;100px|30px|30px|30px|false|false&#8221; global_colors_info=&#8221;{}&#8221;][et_pb_column type=&#8221;1_2&#8243; _builder_version=&#8221;4.25.0&#8243; _module_preset=&#8221;default&#8221; global_colors_info=&#8221;{}&#8221;][et_pb_text _builder_version=&#8221;4.25.2&#8243; _module_preset=&#8221;default&#8221; text_font=&#8221;ample medium||||||||&#8221; text_text_color=&#8221;#FFFFFF&#8221; text_font_size=&#8221;18px&#8221; text_line_height=&#8221;1.5em&#8221; header_font=&#8221;ample medium||||||||&#8221; header_2_font=&#8221;ample bold||||||||&#8221; header_2_text_color=&#8221;#FFFFFF&#8221; header_2_font_size=&#8221;40px&#8221; background_enable_color=&#8221;off&#8221; background_enable_image=&#8221;off&#8221; custom_padding=&#8221;30px|30px|30px|30px|false|false&#8221; header_2_font_size_tablet=&#8221;40px&#8221; header_2_font_size_phone=&#8221;28px&#8221; header_2_font_size_last_edited=&#8221;on|phone&#8221; border_radii=&#8221;on|20px|20px|20px|20px&#8221; global_colors_info=&#8221;{}&#8221;]<\/p>\n<h2>A Aptent apostem<br \/>per l&#8217;accessibilitat<br \/>del teu projecte<\/h2>\n<p>&nbsp;<\/p>\n<p style=\"font-size: 20px; color: #ffffff;\">Omple el nostre formulari<br \/>i ens posarem en contacte amb tu.<\/p>\n<p>[\/et_pb_text][dsm_icon_list _builder_version=&#8221;4.25.0&#8243; _module_preset=&#8221;default&#8221; custom_margin=&#8221;||||false|false&#8221; custom_padding=&#8221;|||30px|false|false&#8221; global_colors_info=&#8221;{}&#8221;][dsm_icon_list_child text=&#8221;contacto@aptent.es&#8221; use_icon=&#8221;off&#8221; image=&#8221;https:\/\/aptent.es\/wp-content\/uploads\/2024\/04\/mail-svgrepo-com1-5.png&#8221; alt=&#8221;icone mail&#8221; image_max_width=&#8221;35px&#8221; _builder_version=&#8221;4.25.0&#8243; _module_preset=&#8221;default&#8221; text_text_color=&#8221;#FFFFFF&#8221; text_font_size=&#8221;20px&#8221; global_colors_info=&#8221;{}&#8221;][\/dsm_icon_list_child][dsm_icon_list_child text=&#8221;+34 916 244 065&#8243; use_icon=&#8221;off&#8221; image=&#8221;https:\/\/aptent.es\/wp-content\/uploads\/2024\/04\/phone-svgrepo-com-1.png&#8221; alt=&#8221;icone tel\u00e9fono&#8221; image_max_width=&#8221;35px&#8221; _builder_version=&#8221;4.25.0&#8243; _module_preset=&#8221;default&#8221; text_text_color=&#8221;#FFFFFF&#8221; text_font_size=&#8221;20px&#8221; custom_margin=&#8221;10px||||false|false&#8221; global_colors_info=&#8221;{}&#8221;][\/dsm_icon_list_child][\/dsm_icon_list][\/et_pb_column][et_pb_column type=&#8221;1_2&#8243; _builder_version=&#8221;4.25.0&#8243; _module_preset=&#8221;default&#8221; global_colors_info=&#8221;{}&#8221;][et_pb_contact_form use_spam_service=&#8221;on&#8221; recaptcha_list=&#8221;gencopuraweb@gmailcom|gencopuraweb@gmailcom-0&#8243; email=&#8221;contacto@aptent.es&#8221; custom_message=&#8221;Nombre: %%Name%%||et_pb_line_break_holder||Email: %%Email%%||et_pb_line_break_holder||Asunto: %%Asunto%%||et_pb_line_break_holder||Tel\u00e9fono: %%telefono%%||et_pb_line_break_holder||Mensaje: %%Message%%&#8221; success_message=&#8221;Hem rebut el teu missatge amb \u00e8xit!&#8221; _builder_version=&#8221;4.27.0&#8243; _module_preset=&#8221;default&#8221; _unique_id=&#8221;880acf3b-77d0-4cfc-8a2f-193472280ccf&#8221; form_field_background_color=&#8221;#FFFFFF&#8221; form_field_text_color=&#8221;#036073&#8243; captcha_text_color=&#8221;#FFFFFF&#8221; captcha_font_size=&#8221;15px&#8221; captcha_letter_spacing=&#8221;3px&#8221; custom_button=&#8221;on&#8221; button_text_color=&#8221;#036073&#8243; button_bg_color=&#8221;#FFFFFF&#8221; button_border_width=&#8221;0px&#8221; button_icon_color=&#8221;#036073&#8243; hover_enabled=&#8221;0&#8243; border_radii=&#8221;on|10px|10px|10px|10px&#8221; box_shadow_style=&#8221;preset1&#8243; global_colors_info=&#8221;{}&#8221; submit_button_text=&#8221;Enviar&#8221; sticky_enabled=&#8221;0&#8243;][et_pb_contact_field field_id=&#8221;Name&#8221; field_title=&#8221;Nom&#8221; _builder_version=&#8221;4.16&#8243; global_colors_info=&#8221;{}&#8221; button_text_size__hover_enabled=&#8221;off&#8221; button_one_text_size__hover_enabled=&#8221;off&#8221; button_two_text_size__hover_enabled=&#8221;off&#8221; button_text_color__hover_enabled=&#8221;off&#8221; button_one_text_color__hover_enabled=&#8221;off&#8221; button_two_text_color__hover_enabled=&#8221;off&#8221; button_border_width__hover_enabled=&#8221;off&#8221; button_one_border_width__hover_enabled=&#8221;off&#8221; button_two_border_width__hover_enabled=&#8221;off&#8221; button_border_color__hover_enabled=&#8221;off&#8221; button_one_border_color__hover_enabled=&#8221;off&#8221; button_two_border_color__hover_enabled=&#8221;off&#8221; button_border_radius__hover_enabled=&#8221;off&#8221; button_one_border_radius__hover_enabled=&#8221;off&#8221; button_two_border_radius__hover_enabled=&#8221;off&#8221; button_letter_spacing__hover_enabled=&#8221;off&#8221; button_one_letter_spacing__hover_enabled=&#8221;off&#8221; button_two_letter_spacing__hover_enabled=&#8221;off&#8221; button_bg_color__hover_enabled=&#8221;off&#8221; button_one_bg_color__hover_enabled=&#8221;off&#8221; button_two_bg_color__hover_enabled=&#8221;off&#8221;][\/et_pb_contact_field][et_pb_contact_field field_id=&#8221;Email&#8221; field_title=&#8221;Adre\u00e7a de correu electr\u00f2nic&#8221; field_type=&#8221;email&#8221; _builder_version=&#8221;4.16&#8243; global_colors_info=&#8221;{}&#8221; button_text_size__hover_enabled=&#8221;off&#8221; button_one_text_size__hover_enabled=&#8221;off&#8221; button_two_text_size__hover_enabled=&#8221;off&#8221; button_text_color__hover_enabled=&#8221;off&#8221; button_one_text_color__hover_enabled=&#8221;off&#8221; button_two_text_color__hover_enabled=&#8221;off&#8221; button_border_width__hover_enabled=&#8221;off&#8221; button_one_border_width__hover_enabled=&#8221;off&#8221; button_two_border_width__hover_enabled=&#8221;off&#8221; button_border_color__hover_enabled=&#8221;off&#8221; button_one_border_color__hover_enabled=&#8221;off&#8221; button_two_border_color__hover_enabled=&#8221;off&#8221; button_border_radius__hover_enabled=&#8221;off&#8221; button_one_border_radius__hover_enabled=&#8221;off&#8221; button_two_border_radius__hover_enabled=&#8221;off&#8221; button_letter_spacing__hover_enabled=&#8221;off&#8221; button_one_letter_spacing__hover_enabled=&#8221;off&#8221; button_two_letter_spacing__hover_enabled=&#8221;off&#8221; button_bg_color__hover_enabled=&#8221;off&#8221; button_one_bg_color__hover_enabled=&#8221;off&#8221; button_two_bg_color__hover_enabled=&#8221;off&#8221;][\/et_pb_contact_field][et_pb_contact_field field_id=&#8221;Asunto&#8221; field_title=&#8221;Assumpte&#8221; _builder_version=&#8221;4.25.0&#8243; width=&#8221;100%&#8221; global_colors_info=&#8221;{}&#8221; button_text_size__hover_enabled=&#8221;off&#8221; button_one_text_size__hover_enabled=&#8221;off&#8221; button_two_text_size__hover_enabled=&#8221;off&#8221; button_text_color__hover_enabled=&#8221;off&#8221; button_one_text_color__hover_enabled=&#8221;off&#8221; button_two_text_color__hover_enabled=&#8221;off&#8221; button_border_width__hover_enabled=&#8221;off&#8221; button_one_border_width__hover_enabled=&#8221;off&#8221; button_two_border_width__hover_enabled=&#8221;off&#8221; button_border_color__hover_enabled=&#8221;off&#8221; button_one_border_color__hover_enabled=&#8221;off&#8221; button_two_border_color__hover_enabled=&#8221;off&#8221; button_border_radius__hover_enabled=&#8221;off&#8221; button_one_border_radius__hover_enabled=&#8221;off&#8221; button_two_border_radius__hover_enabled=&#8221;off&#8221; button_letter_spacing__hover_enabled=&#8221;off&#8221; button_one_letter_spacing__hover_enabled=&#8221;off&#8221; button_two_letter_spacing__hover_enabled=&#8221;off&#8221; button_bg_color__hover_enabled=&#8221;off&#8221; button_one_bg_color__hover_enabled=&#8221;off&#8221; button_two_bg_color__hover_enabled=&#8221;off&#8221;][\/et_pb_contact_field][et_pb_contact_field field_id=&#8221;telefono&#8221; field_title=&#8221;Tel\u00e8fon&#8221; allowed_symbols=&#8221;numbers&#8221; _builder_version=&#8221;4.25.0&#8243; width=&#8221;100%&#8221; global_colors_info=&#8221;{}&#8221; button_text_size__hover_enabled=&#8221;off&#8221; button_one_text_size__hover_enabled=&#8221;off&#8221; button_two_text_size__hover_enabled=&#8221;off&#8221; button_text_color__hover_enabled=&#8221;off&#8221; button_one_text_color__hover_enabled=&#8221;off&#8221; button_two_text_color__hover_enabled=&#8221;off&#8221; button_border_width__hover_enabled=&#8221;off&#8221; button_one_border_width__hover_enabled=&#8221;off&#8221; button_two_border_width__hover_enabled=&#8221;off&#8221; button_border_color__hover_enabled=&#8221;off&#8221; button_one_border_color__hover_enabled=&#8221;off&#8221; button_two_border_color__hover_enabled=&#8221;off&#8221; button_border_radius__hover_enabled=&#8221;off&#8221; button_one_border_radius__hover_enabled=&#8221;off&#8221; button_two_border_radius__hover_enabled=&#8221;off&#8221; button_letter_spacing__hover_enabled=&#8221;off&#8221; button_one_letter_spacing__hover_enabled=&#8221;off&#8221; button_two_letter_spacing__hover_enabled=&#8221;off&#8221; button_bg_color__hover_enabled=&#8221;off&#8221; button_one_bg_color__hover_enabled=&#8221;off&#8221; button_two_bg_color__hover_enabled=&#8221;off&#8221;][\/et_pb_contact_field][et_pb_contact_field field_id=&#8221;Message&#8221; field_title=&#8221;Missatge&#8221; field_type=&#8221;text&#8221; fullwidth_field=&#8221;on&#8221; _builder_version=&#8221;4.16&#8243; global_colors_info=&#8221;{}&#8221; button_text_size__hover_enabled=&#8221;off&#8221; button_one_text_size__hover_enabled=&#8221;off&#8221; button_two_text_size__hover_enabled=&#8221;off&#8221; button_text_color__hover_enabled=&#8221;off&#8221; button_one_text_color__hover_enabled=&#8221;off&#8221; button_two_text_color__hover_enabled=&#8221;off&#8221; button_border_width__hover_enabled=&#8221;off&#8221; button_one_border_width__hover_enabled=&#8221;off&#8221; button_two_border_width__hover_enabled=&#8221;off&#8221; button_border_color__hover_enabled=&#8221;off&#8221; button_one_border_color__hover_enabled=&#8221;off&#8221; button_two_border_color__hover_enabled=&#8221;off&#8221; button_border_radius__hover_enabled=&#8221;off&#8221; button_one_border_radius__hover_enabled=&#8221;off&#8221; button_two_border_radius__hover_enabled=&#8221;off&#8221; button_letter_spacing__hover_enabled=&#8221;off&#8221; button_one_letter_spacing__hover_enabled=&#8221;off&#8221; button_two_letter_spacing__hover_enabled=&#8221;off&#8221; button_bg_color__hover_enabled=&#8221;off&#8221; button_one_bg_color__hover_enabled=&#8221;off&#8221; button_two_bg_color__hover_enabled=&#8221;off&#8221;][\/et_pb_contact_field][et_pb_contact_field field_id=&#8221;politicaprivacidad&#8221; field_type=&#8221;checkbox&#8221; checkbox_options=&#8221;%91{%22value%22:%22Accepto i confirmo la%22,%22checked%22:0,%22dragID%22:-1,%22link_url%22:%22https:\/\/aptent.es\/aviso-legal\/%22,%22link_text%22:%22 Pol\u00edtica de Privacitat%22}%93&#8243; fullwidth_field=&#8221;on&#8221; _builder_version=&#8221;4.25.0&#8243; _module_preset=&#8221;default&#8221; form_field_background_color=&#8221;#FFFFFF&#8221; form_field_text_color=&#8221;#FFFFFF&#8221; form_field_focus_background_color=&#8221;RGBA(255,255,255,0)&#8221; form_field_focus_text_color=&#8221;RGBA(255,255,255,0)&#8221; border_color_all=&#8221;#E02B20&#8243; global_colors_info=&#8221;{}&#8221;][\/et_pb_contact_field][\/et_pb_contact_form][\/et_pb_column][\/et_pb_row][\/et_pb_section][et_pb_section fb_built=&#8221;1&#8243; _builder_version=&#8221;4.25.0&#8243; _module_preset=&#8221;default&#8221; background_color=&#8221;#56554d&#8221; background_image=&#8221;https:\/\/aptent.es\/wp-content\/uploads\/2024\/04\/Vector-1.png&#8221; saved_tabs=&#8221;all&#8221; global_colors_info=&#8221;{}&#8221;][et_pb_row column_structure=&#8221;1_3,1_3,1_3&#8243; _builder_version=&#8221;4.24.3&#8243; _module_preset=&#8221;default&#8221; width=&#8221;90%&#8221; max_width=&#8221;1380px&#8221; global_colors_info=&#8221;{}&#8221;][et_pb_column type=&#8221;1_3&#8243; _builder_version=&#8221;4.24.3&#8243; _module_preset=&#8221;default&#8221; global_colors_info=&#8221;{}&#8221;][et_pb_image src=&#8221;https:\/\/aptent.es\/wp-content\/uploads\/2024\/04\/Capa_1-2.png&#8221; alt=&#8221;LOGO APTENT BLANCO&#8221; title_text=&#8221;LOGO APTENT BLANCO&#8221; _builder_version=&#8221;4.24.3&#8243; _module_preset=&#8221;default&#8221; width=&#8221;80%&#8221; custom_margin=&#8221;30px||||false|false&#8221; global_colors_info=&#8221;{}&#8221;][\/et_pb_image][\/et_pb_column][et_pb_column type=&#8221;1_3&#8243; _builder_version=&#8221;4.24.3&#8243; _module_preset=&#8221;default&#8221; global_colors_info=&#8221;{}&#8221;][et_pb_text _builder_version=&#8221;4.24.3&#8243; _module_preset=&#8221;default&#8221; text_text_color=&#8221;#FFFFFF&#8221; text_font_size=&#8221;22px&#8221; global_colors_info=&#8221;{}&#8221;]<\/p>\n<p>Contacte<\/p>\n<p>[\/et_pb_text][dsm_icon_list _builder_version=&#8221;4.27.0&#8243; _module_preset=&#8221;default&#8221; custom_margin=&#8221;||||false|false&#8221; global_colors_info=&#8221;{}&#8221;][dsm_icon_list_child text=&#8221;<a href=%22mailto:contacto@aptent.es%22>contacto@aptent.es<\/a>&#8221; use_icon=&#8221;off&#8221; image=&#8221;https:\/\/aptent.es\/wp-content\/uploads\/2024\/04\/mail-svgrepo-com1-5.png&#8221; alt=&#8221;icone mail&#8221; image_max_width=&#8221;35px&#8221; _builder_version=&#8221;4.27.0&#8243; _module_preset=&#8221;default&#8221; text_text_color=&#8221;#FFFFFF&#8221; text_font_size=&#8221;20px&#8221; global_colors_info=&#8221;{}&#8221;][\/dsm_icon_list_child][dsm_icon_list_child text=&#8221;<a href=%22tel:+34916 244 065%22>916 244 065  <\/a>&#8221; use_icon=&#8221;off&#8221; image=&#8221;https:\/\/aptent.es\/wp-content\/uploads\/2024\/04\/phone-svgrepo-com-1.png&#8221; alt=&#8221;icone tel\u00e9fono&#8221; image_max_width=&#8221;35px&#8221; _builder_version=&#8221;4.27.0&#8243; _module_preset=&#8221;default&#8221; text_text_color=&#8221;#FFFFFF&#8221; text_font_size=&#8221;20px&#8221; custom_margin=&#8221;10px||||false|false&#8221; global_colors_info=&#8221;{}&#8221;][\/dsm_icon_list_child][\/dsm_icon_list][\/et_pb_column][et_pb_column type=&#8221;1_3&#8243; _builder_version=&#8221;4.24.3&#8243; _module_preset=&#8221;default&#8221; global_colors_info=&#8221;{}&#8221;][et_pb_text _builder_version=&#8221;4.24.3&#8243; _module_preset=&#8221;default&#8221; text_text_color=&#8221;#FFFFFF&#8221; text_font_size=&#8221;22px&#8221; global_colors_info=&#8221;{}&#8221;]<\/p>\n<p>Xarxes socials<\/p>\n<p>[\/et_pb_text][dsm_icon_list _builder_version=&#8221;4.25.0&#8243; _module_preset=&#8221;default&#8221; global_colors_info=&#8221;{}&#8221;][dsm_icon_list_child text=&#8221;Linkedin&#8221; font_icon=&#8221;&#xe09d;||divi||400&#8243; icon_color=&#8221;#FFFFFF&#8221; icon_background_color=&#8221;RGBA(255,255,255,0)&#8221; icon_padding=&#8221;5px&#8221; icon_font_size=&#8221;18px&#8221; url=&#8221;https:\/\/es.linkedin.com\/company\/aptent&#8221; url_new_window=&#8221;on&#8221; _builder_version=&#8221;4.25.0&#8243; _module_preset=&#8221;default&#8221; text_font=&#8221;ample light||||on||||&#8221; text_text_color=&#8221;#FFFFFF&#8221; text_font_size=&#8221;16px&#8221; global_colors_info=&#8221;{}&#8221;][\/dsm_icon_list_child][dsm_icon_list_child text=&#8221;Instagram&#8221; font_icon=&#8221;&#xe09a;||divi||400&#8243; icon_color=&#8221;#FFFFFF&#8221; icon_background_color=&#8221;RGBA(255,255,255,0)&#8221; icon_padding=&#8221;5px&#8221; icon_font_size=&#8221;18px&#8221; url=&#8221;https:\/\/www.instagram.com\/aptent_es\/?locale=en&#8221; url_new_window=&#8221;on&#8221; _builder_version=&#8221;4.25.0&#8243; _module_preset=&#8221;default&#8221; text_font=&#8221;ample light||||on||||&#8221; text_text_color=&#8221;#FFFFFF&#8221; text_font_size=&#8221;16px&#8221; global_colors_info=&#8221;{}&#8221;][\/dsm_icon_list_child][dsm_icon_list_child text=&#8221;Twitter&#8221; font_icon=&#8221;&#xe094;||divi||400&#8243; icon_color=&#8221;#FFFFFF&#8221; icon_background_color=&#8221;RGBA(255,255,255,0)&#8221; icon_padding=&#8221;5px&#8221; icon_font_size=&#8221;18px&#8221; url=&#8221;https:\/\/x.com\/i\/flow\/login?redirect_after_login=%2Faptent&#8221; url_new_window=&#8221;on&#8221; _builder_version=&#8221;4.25.0&#8243; _module_preset=&#8221;default&#8221; text_font=&#8221;ample light||||on||||&#8221; text_text_color=&#8221;#FFFFFF&#8221; text_font_size=&#8221;16px&#8221; global_colors_info=&#8221;{}&#8221;][\/dsm_icon_list_child][dsm_icon_list_child text=&#8221;YouTube&#8221; font_icon=&#8221;&#xf167;||fa||400&#8243; icon_color=&#8221;#FFFFFF&#8221; icon_background_color=&#8221;RGBA(255,255,255,0)&#8221; icon_padding=&#8221;5px&#8221; icon_font_size=&#8221;18px&#8221; url=&#8221;https:\/\/www.youtube.com\/user\/AptentBeAccessible&#8221; url_new_window=&#8221;on&#8221; _builder_version=&#8221;4.25.0&#8243; _module_preset=&#8221;default&#8221; text_font=&#8221;ample light||||on||||&#8221; text_text_color=&#8221;#FFFFFF&#8221; text_font_size=&#8221;16px&#8221; global_colors_info=&#8221;{}&#8221;][\/dsm_icon_list_child][\/dsm_icon_list][\/et_pb_column][\/et_pb_row][et_pb_row _builder_version=&#8221;4.24.3&#8243; _module_preset=&#8221;default&#8221; global_colors_info=&#8221;{}&#8221;][et_pb_column type=&#8221;4_4&#8243; _builder_version=&#8221;4.24.3&#8243; _module_preset=&#8221;default&#8221; global_colors_info=&#8221;{}&#8221;][et_pb_image src=&#8221;https:\/\/aptent.es\/wp-content\/uploads\/2024\/04\/visuals.png&#8221; alt=&#8221;logos kit digital&#8221; title_text=&#8221;logos kit digital&#8221; _builder_version=&#8221;4.24.3&#8243; _module_preset=&#8221;default&#8221; global_colors_info=&#8221;{}&#8221;][\/et_pb_image][et_pb_text _builder_version=&#8221;4.25.0&#8243; _module_preset=&#8221;default&#8221; text_text_color=&#8221;#FFFFFF&#8221; text_orientation=&#8221;center&#8221; global_colors_info=&#8221;{}&#8221;]<\/p>\n<p><span style=\"color: #ffffff;\"><a href=\"https:\/\/aptent.es\/mapa-web\/\" style=\"color: #ffffff;\">Mapa web<\/a><\/span> | Accesibilitat web \u00a9 2024 Aptent |<span style=\"color: #ffffff;\"> <a href=\"https:\/\/aptent.es\/trabaja-con-nosotros\/\" style=\"color: #ffffff;\">Treballa amb nosaltres <\/a><\/span>| <span style=\"color: #ffffff;\"><a href=\"https:\/\/aptent.es\/aviso-legal\/\" style=\"color: #ffffff;\">Av\u00eds Legal<\/a><\/span> | <a href=\"https:\/\/aptent.es\/politica-de-cookies\/\"><span style=\"color: #ffffff;\">Politica de cookies<\/span><\/a><\/p>\n<p>[\/et_pb_text][\/et_pb_column][\/et_pb_row][\/et_pb_section]<\/p>\n","protected":false},"excerpt":{"rendered":"<p>A Aptent apostemper l&#8217;accessibilitatdel teu projecte &nbsp; Omple el nostre formularii ens posarem en contacte amb tu.<div class=\"et_pb_module dsm_icon_list dsm_icon_list_0\">\n\t\t\t\t\n\t\t\t\t\n\t\t\t\t\n\t\t\t\t\n\t\t\t\t\n\t\t\t\t\n\t\t\t\t<div class=\"et_pb_module_inner\">\n\t\t\t\t\t<ul class=\"dsm_icon_list_items dsm_icon_list_ltr_direction dsm_icon_list_layout_vertical\"><li class=\"dsm_icon_list_child dsm_icon_list_child_0\">\n\t\t\t\t\n\t\t\t\t\n\t\t\t\t\n\t\t\t\t\n\t\t\t\t<span class=\"dsm_icon_list_wrapper\"><span class=\"dsm_icon_list_image\"><img decoding=\"async\" src=\"https:\/\/aptent.es\/wp-content\/uploads\/2024\/04\/mail-svgrepo-com1-5.png\" alt=\"icone mail\" \/><\/span><\/span><span class=\"dsm_icon_list_text\">contacto@aptent.es<\/span>\n\t\t\t<\/li><li class=\"dsm_icon_list_child dsm_icon_list_child_1\">\n\t\t\t\t\n\t\t\t\t\n\t\t\t\t\n\t\t\t\t\n\t\t\t\t<span class=\"dsm_icon_list_wrapper\"><span class=\"dsm_icon_list_image\"><img decoding=\"async\" src=\"https:\/\/aptent.es\/wp-content\/uploads\/2024\/04\/phone-svgrepo-com-1.png\" alt=\"icone tel\u00e9fono\" \/><\/span><\/span><span class=\"dsm_icon_list_text\">+34 916 244 065<\/span>\n\t\t\t<\/li><\/ul>\n\t\t\t\t<\/div>\n\t\t\t<\/div>Contacte<div class=\"et_pb_module dsm_icon_list dsm_icon_list_1\">\n\t\t\t\t\n\t\t\t\t\n\t\t\t\t\n\t\t\t\t\n\t\t\t\t\n\t\t\t\t\n\t\t\t\t<div class=\"et_pb_module_inner\">\n\t\t\t\t\t<ul class=\"dsm_icon_list_items dsm_icon_list_ltr_direction dsm_icon_list_layout_vertical\"><\/ul>\n\t\t\t\t<\/div>\n\t\t\t<\/div><li class=\"dsm_icon_list_child dsm_icon_list_child_2\">\n\t\t\t\t\n\t\t\t\t\n\t\t\t\t\n\t\t\t\t\n\t\t\t\t<span class=\"dsm_icon_list_wrapper\"><span class=\"dsm_icon_list_icon\">P<\/span><\/span><span class=\"dsm_icon_list_text\">&#8221;contacto@aptent.es&#8221;<\/span>\n\t\t\t<\/li><\/p>\n","protected":false},"author":1,"featured_media":0,"parent":0,"menu_order":0,"comment_status":"closed","ping_status":"closed","template":"","meta":{"_et_pb_use_builder":"on","_et_pb_old_content":"","_et_gb_content_width":"","footnotes":""},"class_list":["post-10416","page","type-page","status-publish","hentry"],"yoast_head":"<!-- This site is optimized with the Yoast SEO plugin v27.4 - https:\/\/yoast.com\/product\/yoast-seo-wordpress\/ -->\n<title>Contacte - Aptent Soluciones. Subtitulado y audiodescripci\u00f3n.<\/title>\n<meta name=\"robots\" content=\"index, follow, max-snippet:-1, max-image-preview:large, max-video-preview:-1\" \/>\n<link rel=\"canonical\" href=\"https:\/\/aptent.es\/contacto\/\" \/>\n<meta property=\"og:locale\" content=\"ca_ES\" \/>\n<meta property=\"og:type\" content=\"article\" \/>\n<meta property=\"og:title\" content=\"Contacte - Aptent Soluciones. Subtitulado y audiodescripci\u00f3n.\" \/>\n<meta property=\"og:description\" content=\"A Aptent apostemper l&#039;accessibilitatdel teu projecte &nbsp; Omple el nostre formularii ens posarem en contacte amb tu.Contacte\" \/>\n<meta property=\"og:url\" content=\"https:\/\/aptent.es\/contacto\/\" \/>\n<meta property=\"og:site_name\" content=\"Aptent Soluciones. Subtitulado y audiodescripci\u00f3n.\" \/>\n<meta property=\"article:modified_time\" content=\"2024-09-10T08:36:51+00:00\" \/>\n<meta name=\"twitter:card\" content=\"summary_large_image\" \/>\n<meta name=\"twitter:label1\" content=\"Temps estimat de lectura\" \/>\n\t<meta name=\"twitter:data1\" content=\"10 minuts\" \/>\n<script type=\"application\/ld+json\" class=\"yoast-schema-graph\">{\"@context\":\"https:\\\/\\\/schema.org\",\"@graph\":[{\"@type\":\"WebPage\",\"@id\":\"https:\\\/\\\/aptent.es\\\/contacto\\\/\",\"url\":\"https:\\\/\\\/aptent.es\\\/contacto\\\/\",\"name\":\"Contacte - Aptent Soluciones. Subtitulado y audiodescripci\u00f3n.\",\"isPartOf\":{\"@id\":\"https:\\\/\\\/aptent.es\\\/#website\"},\"datePublished\":\"2024-06-26T09:44:15+00:00\",\"dateModified\":\"2024-09-10T08:36:51+00:00\",\"breadcrumb\":{\"@id\":\"https:\\\/\\\/aptent.es\\\/contacto\\\/#breadcrumb\"},\"inLanguage\":\"ca\",\"potentialAction\":[{\"@type\":\"ReadAction\",\"target\":[\"https:\\\/\\\/aptent.es\\\/contacto\\\/\"]}]},{\"@type\":\"BreadcrumbList\",\"@id\":\"https:\\\/\\\/aptent.es\\\/contacto\\\/#breadcrumb\",\"itemListElement\":[{\"@type\":\"ListItem\",\"position\":1,\"name\":\"Portada\",\"item\":\"https:\\\/\\\/aptent.es\\\/ca\\\/\"},{\"@type\":\"ListItem\",\"position\":2,\"name\":\"Contacte\"}]},{\"@type\":\"WebSite\",\"@id\":\"https:\\\/\\\/aptent.es\\\/#website\",\"url\":\"https:\\\/\\\/aptent.es\\\/\",\"name\":\"Aptent Soluciones. Subtitulado y audiodescripci\u00f3n.\",\"description\":\"Empresa de tecnolog\u00eda y accesibilidad en la comunicaci\u00f3n. Subtitulado para sordos en directo, traducci\u00f3n, audiodescripci\u00f3n, sistema FM y bucle magn\u00e9tico.\",\"potentialAction\":[{\"@type\":\"SearchAction\",\"target\":{\"@type\":\"EntryPoint\",\"urlTemplate\":\"https:\\\/\\\/aptent.es\\\/?s={search_term_string}\"},\"query-input\":{\"@type\":\"PropertyValueSpecification\",\"valueRequired\":true,\"valueName\":\"search_term_string\"}}],\"inLanguage\":\"ca\"}]}<\/script>\n<!-- \/ Yoast SEO plugin. -->","yoast_head_json":{"title":"Contacte - Aptent Soluciones. Subtitulado y audiodescripci\u00f3n.","robots":{"index":"index","follow":"follow","max-snippet":"max-snippet:-1","max-image-preview":"max-image-preview:large","max-video-preview":"max-video-preview:-1"},"canonical":"https:\/\/aptent.es\/contacto\/","og_locale":"ca_ES","og_type":"article","og_title":"Contacte - Aptent Soluciones. Subtitulado y audiodescripci\u00f3n.","og_description":"A Aptent apostemper l'accessibilitatdel teu projecte &nbsp; Omple el nostre formularii ens posarem en contacte amb tu.Contacte","og_url":"https:\/\/aptent.es\/contacto\/","og_site_name":"Aptent Soluciones. Subtitulado y audiodescripci\u00f3n.","article_modified_time":"2024-09-10T08:36:51+00:00","twitter_card":"summary_large_image","twitter_misc":{"Temps estimat de lectura":"10 minuts"},"schema":{"@context":"https:\/\/schema.org","@graph":[{"@type":"WebPage","@id":"https:\/\/aptent.es\/contacto\/","url":"https:\/\/aptent.es\/contacto\/","name":"Contacte - Aptent Soluciones. Subtitulado y audiodescripci\u00f3n.","isPartOf":{"@id":"https:\/\/aptent.es\/#website"},"datePublished":"2024-06-26T09:44:15+00:00","dateModified":"2024-09-10T08:36:51+00:00","breadcrumb":{"@id":"https:\/\/aptent.es\/contacto\/#breadcrumb"},"inLanguage":"ca","potentialAction":[{"@type":"ReadAction","target":["https:\/\/aptent.es\/contacto\/"]}]},{"@type":"BreadcrumbList","@id":"https:\/\/aptent.es\/contacto\/#breadcrumb","itemListElement":[{"@type":"ListItem","position":1,"name":"Portada","item":"https:\/\/aptent.es\/ca\/"},{"@type":"ListItem","position":2,"name":"Contacte"}]},{"@type":"WebSite","@id":"https:\/\/aptent.es\/#website","url":"https:\/\/aptent.es\/","name":"Aptent Soluciones. Subtitulado y audiodescripci\u00f3n.","description":"Empresa de tecnolog\u00eda y accesibilidad en la comunicaci\u00f3n. Subtitulado para sordos en directo, traducci\u00f3n, audiodescripci\u00f3n, sistema FM y bucle magn\u00e9tico.","potentialAction":[{"@type":"SearchAction","target":{"@type":"EntryPoint","urlTemplate":"https:\/\/aptent.es\/?s={search_term_string}"},"query-input":{"@type":"PropertyValueSpecification","valueRequired":true,"valueName":"search_term_string"}}],"inLanguage":"ca"}]}},"_links":{"self":[{"href":"https:\/\/aptent.es\/ca\/wp-json\/wp\/v2\/pages\/10416","targetHints":{"allow":["GET"]}}],"collection":[{"href":"https:\/\/aptent.es\/ca\/wp-json\/wp\/v2\/pages"}],"about":[{"href":"https:\/\/aptent.es\/ca\/wp-json\/wp\/v2\/types\/page"}],"author":[{"embeddable":true,"href":"https:\/\/aptent.es\/ca\/wp-json\/wp\/v2\/users\/1"}],"replies":[{"embeddable":true,"href":"https:\/\/aptent.es\/ca\/wp-json\/wp\/v2\/comments?post=10416"}],"version-history":[{"count":4,"href":"https:\/\/aptent.es\/ca\/wp-json\/wp\/v2\/pages\/10416\/revisions"}],"predecessor-version":[{"id":10714,"href":"https:\/\/aptent.es\/ca\/wp-json\/wp\/v2\/pages\/10416\/revisions\/10714"}],"wp:attachment":[{"href":"https:\/\/aptent.es\/ca\/wp-json\/wp\/v2\/media?parent=10416"}],"curies":[{"name":"wp","href":"https:\/\/api.w.org\/{rel}","templated":true}]}}